{"id":19768,"date":"2021-10-04T17:48:51","date_gmt":"2021-10-04T10:48:51","guid":{"rendered":"https:\/\/thcare.vn\/?page_id=19768"},"modified":"2021-10-04T17:48:51","modified_gmt":"2021-10-04T10:48:51","slug":"return-policy","status":"publish","type":"page","link":"https:\/\/thcare.vn\/en\/return-policy\/","title":{"rendered":"Return Policy"},"content":{"rendered":"<h5><strong>Nh\u1eefng tr\u01b0\u1eddng h\u1ee3p \u0111\u01b0\u1ee3c \u0111\u1ed5i tr\u1ea3:<\/strong><\/h5>\n<p>H\u00e0ng b\u1ecb l\u1ed7i k\u1ef9 thu\u1eadt v\u00e0 l\u1ed7i do nh\u00e0 s\u1ea3n xu\u1ea5t.<br \/>\nH\u00e0ng b\u1ecb h\u01b0 h\u1ecfng do qu\u00e1 tr\u00ecnh v\u1eadn chuy\u1ec3n h\u00e0ng cho kh\u00e1ch c\u1ee7a DroidShop.VN.<br \/>\nH\u00e0ng giao kh\u00f4ng \u0111\u00fang m\u1eabu m\u00e3, lo\u1ea1i m\u00e0 kh\u00e1ch \u0111\u00e3 \u0111\u1eb7t.<br \/>\nH\u00e0ng giao b\u1ecb thi\u1ebfu linh ph\u1ee5 ki\u1ec7n \u0111i k\u00e8m.<br \/>\nN\u1ebfu ph\u00e1t hi\u1ec7n nh\u1eefng tr\u01b0\u1eddng h\u1ee3p tr\u00ean, qu\u00fd kh\u00e1ch vui l\u00f2ng kh\u00f4ng nh\u1eadn h\u00e0ng v\u00e0 y\u00eau c\u1ea7u nh\u00e2n vi\u00ean giao nh\u1eadn c\u1ee7a ch\u00fang t\u00f4i x\u00e1c nh\u1eadn t\u00ecnh tr\u1ea1ng m\u00e1y ngay t\u1ea1i ch\u1ed7 v\u00e0 y\u00eau c\u1ea7u \u0111\u1ed5i tr\u1ea3. C\u00f2n kh\u00f4ng kh\u00e1ch h\u00e0ng ph\u1ea3i b\u00e1o ngay t\u00ecnh tr\u1ea1ng h\u00e0ng b\u1ecb l\u1ed7i v\u1ec1 cho ch\u00fang t\u00f4i trong v\u00f2ng 3 ng\u00e0y k\u1ec3 t\u1eeb ng\u00e0y nh\u1eadn h\u00e0ng \u0111\u1ec3 \u0111\u01b0\u1ee3c h\u1ed7 tr\u1ee3 \u0111\u1ed5i m\u1edbi, qu\u00e1 3 ng\u00e0y ch\u00fang t\u00f4i s\u1ebd kh\u00f4ng h\u1ed7 tr\u1ee3 gi\u1ea3i quy\u1ebft v\u00ec m\u1eb7c \u0111\u1ecbnh kh\u00e1ch h\u00e0ng \u0111\u00e3 \u0111\u1ed3ng \u00fd v\u1edbi s\u1ea3n ph\u1ea9m \u0111\u01b0\u1ee3c giao.<\/p>\n<h5><strong>\u0110i\u1ec1u ki\u1ec7n v\u00e0 quy \u0111\u1ecbnh \u0111\u1ed5i tr\u1ea3 chung:<\/strong><\/h5>\n<p>Thi\u1ebft b\u1ecb b\u00e1n ra sau 1 th\u00e1ng: ph\u00f2ng b\u1ea3o h\u00e0nh s\u1ebd b\u1ea3o h\u00e0nh trong v\u00f2ng 7 ng\u00e0y, n\u1ebfu kh\u00f4ng c\u00f3 s\u1ea3n ph\u1ea9m b\u1ea3o h\u00e0nh \u0111\u00f3, b\u1ea1n s\u1ebd \u0111\u01b0\u1ee3c c\u00f4ng ty ch\u00fang t\u00f4i cho m\u01b0\u1ee3n thi\u1ebft b\u1ecb kh\u00e1c \u0111\u1ec3 s\u1eed d\u1ee5ng t\u1ea1m th\u1eddi v\u00e0 th\u01b0\u01a1ng l\u01b0\u1ee3ng v\u1edbi b\u1ea1n vi\u1ec7c trao \u0111\u1ed5i thi\u1ebft b\u1ecb ho\u1eb7c ho\u00e0n ti\u1ec1n, n\u1ebfu nh\u01b0 s\u1ea3n ph\u1ea9m b\u1ea3o h\u00e0nh c\u1ee7a b\u1ea1n \u0111\u00e3 h\u1ebft tr\u00ean th\u1ecb tr\u01b0\u1eddng.<br \/>\nS\u1ea3n ph\u1ea9m b\u1ecb l\u1ed7i k\u1ef9 thu\u1eadt \u0111\u01b0\u1ee3c Ph\u00f2ng k\u1ef9 thu\u1eadt c\u00f4ng ty ch\u00fang t\u00f4i x\u00e1c \u0111\u1ecbnh v\u00e0 nh\u00ecn nh\u1eadn l\u00e0 l\u1ed7i do nh\u00e0 s\u1ea3n xu\u1ea5t.<br \/>\n<span style=\"color: #000000;\">C\u00f2n \u0111\u1ea7y \u0111\u1ee7 bao b\u00ec, v\u1ecf h\u1ed9p, kh\u00f4ng b\u1ecb tr\u1ea7y x\u01b0\u1edbc, m\u00f3p m\u00e9o, h\u1ecfng h\u00f3c b\u00ean ngo\u00e0i, \u0111\u1ed5 v\u1ee1..<\/span><br \/>\n<span style=\"color: #000000;\"> C\u00f2n \u0111\u1ea7y \u0111\u1ee7 linh ki\u1ec7n, ph\u1ee5 ki\u1ec7n<\/span><br \/>\nTh\u1eddi gian \u0111\u1ed5i h\u00e0ng kh\u00f4ng qu\u00e1 3 ng\u00e0y k\u1ec3 t\u1eeb khi nh\u1eadn h\u00e0ng (c\u0103n c\u1ee9 theo h\u00f3a \u0111\u01a1n mua h\u00e0ng ho\u1eb7c bi\u00ean lai k\u00fd nh\u1eadn c\u1ee7a b\u00ean giao h\u00e0ng).<br \/>\nC\u00f3 \u0111\u1ea7y \u0111\u1ee7 c\u00e1c ch\u1ee9ng t\u1eeb k\u00e8m theo nh\u01b0 bi\u00ean nh\u1eadn, h\u00f3a \u0111\u01a1n, phi\u1ebfu giao h\u00e0ng, phi\u1ebfu b\u1ea3o h\u00e0nh, catalouge&#8230;<br \/>\nTuy nhi\u00ean \u0111\u1ed1i v\u1edbi m\u1ed9t s\u1ed1 s\u1ea3n ph\u1ea9m ch\u00fang t\u00f4i s\u1ebd kh\u00f4ng \u00e1p d\u1ee5ng nh\u1eefng \u0111i\u1ec1u ki\u1ec7n \u0111\u1ed5i tr\u1ea3 gi\u1ed1ng nh\u01b0 tr\u00ean, trong qu\u00e1 tr\u00ecnh t\u01b0 v\u1ea5n b\u00e1n h\u00e0ng ch\u00fang t\u00f4i s\u1ebd t\u01b0 v\u1ea5n c\u1ee5 th\u1ec3 v\u1ec1 th\u1eddi h\u1ea1n c\u0169ng nh\u01b0 h\u00ecnh th\u1ee9c \u0111\u1ed5i tr\u1ea3 cho t\u1eebng s\u1ea3n ph\u1ea9m \u0111\u1ec3 kh\u00e1ch h\u00e0ng tham kh\u1ea3o khi c\u00f3 nhu c\u1ea7u mua s\u1ea3n ph\u1ea9m \u0111\u00f3.<\/p>\n<p>L\u1ec7 ph\u00ed ho\u00e0n tr\u1ea3: ph\u00ed ho\u00e0n tr\u1ea3 s\u1ebd ho\u00e0n to\u00e0n do DroidShop.VN chi tr\u1ea3 ho\u00e0n to\u00e0n n\u1ebfu l\u1ed7i \u0111\u00f3 thu\u1ed9c v\u1ec1 c\u00f4ng ty.<\/p>\n<p>H\u00ecnh th\u1ee9c ho\u00e0n tr\u1ea3: S\u1ebd \u0111\u1ed5i m\u1edbi s\u1ea3n ph\u1ea9m cho kh\u00e1ch h\u00e0ng, tr\u01b0\u1eddng h\u1ee3p kh\u00f4ng c\u00f2n s\u1ea3n ph\u1ea9m h\u00e0ng h\u00f3a \u0111\u00f3 trong kho, c\u00f4ng ty cam k\u1ebft ho\u00e0n tr\u1ea3 100% ph\u00ed m\u00e0 kh\u00e1ch h\u00e0ng \u0111\u00e3 thanh to\u00e1n cho ch\u00fang t\u00f4i th\u00f4ng qua c\u00e1c h\u00ecnh th\u1ee9c nh\u01b0: ti\u1ec1n m\u1eb7t t\u1ea1i c\u00f4ng ty ho\u1eb7c chuy\u1ec3n kho\u1ea3n cho kh\u00e1ch h\u00e0ng.<\/p>\n<p>C\u1ea3m \u01a1n!<\/p>\n\n\n<div class=\"kk-star-ratings kksr-auto kksr-align-right kksr-valign-bottom\"\n    data-payload='{&quot;align&quot;:&quot;right&quot;,&quot;id&quot;:&quot;19768&quot;,&quot;slug&quot;:&quot;default&quot;,&quot;valign&quot;:&quot;bottom&quot;,&quot;ignore&quot;:&quot;&quot;,&quot;reference&quot;:&quot;auto&quot;,&quot;class&quot;:&quot;&quot;,&quot;count&quot;:&quot;0&quot;,&quot;legendonly&quot;:&quot;&quot;,&quot;readonly&quot;:&quot;&quot;,&quot;score&quot;:&quot;0&quot;,&quot;starsonly&quot;:&quot;&quot;,&quot;best&quot;:&quot;5&quot;,&quot;gap&quot;:&quot;4&quot;,&quot;greet&quot;:&quot;Rate this page&quot;,&quot;legend&quot;:&quot;0\\\/5 - (0 votes)&quot;,&quot;size&quot;:&quot;24&quot;,&quot;title&quot;:&quot;Return Policy&quot;,&quot;width&quot;:&quot;0&quot;,&quot;_legend&quot;:&quot;{score}\\\/{best} - ({count} {votes})&quot;,&quot;font_factor&quot;:&quot;1.25&quot;}'>\n            \n<div class=\"kksr-stars\">\n    \n<div class=\"kksr-stars-inactive\">\n            <div class=\"kksr-star\" data-star=\"1\" style=\"padding-right: 4px\">\n            \n\n<div class=\"kksr-icon\" style=\"width: 24px; height: 24px;\"><\/div>\n        <\/div>\n            <div class=\"kksr-star\" data-star=\"2\" style=\"padding-right: 4px\">\n            \n\n<div class=\"kksr-icon\" style=\"width: 24px; height: 24px;\"><\/div>\n        <\/div>\n            <div class=\"kksr-star\" data-star=\"3\" style=\"padding-right: 4px\">\n            \n\n<div class=\"kksr-icon\" style=\"width: 24px; height: 24px;\"><\/div>\n        <\/div>\n            <div class=\"kksr-star\" data-star=\"4\" style=\"padding-right: 4px\">\n            \n\n<div class=\"kksr-icon\" style=\"width: 24px; height: 24px;\"><\/div>\n        <\/div>\n            <div class=\"kksr-star\" data-star=\"5\" style=\"padding-right: 4px\">\n            \n\n<div class=\"kksr-icon\" style=\"width: 24px; height: 24px;\"><\/div>\n        <\/div>\n    <\/div>\n    \n<div class=\"kksr-stars-active\" style=\"width: 0px;\">\n            <div class=\"kksr-star\" style=\"padding-right: 4px\">\n            \n\n<div class=\"kksr-icon\" style=\"width: 24px; height: 24px;\"><\/div>\n        <\/div>\n            <div class=\"kksr-star\" style=\"padding-right: 4px\">\n            \n\n<div class=\"kksr-icon\" style=\"width: 24px; height: 24px;\"><\/div>\n        <\/div>\n            <div class=\"kksr-star\" style=\"padding-right: 4px\">\n            \n\n<div class=\"kksr-icon\" style=\"width: 24px; height: 24px;\"><\/div>\n        <\/div>\n            <div class=\"kksr-star\" style=\"padding-right: 4px\">\n            \n\n<div class=\"kksr-icon\" style=\"width: 24px; height: 24px;\"><\/div>\n        <\/div>\n            <div class=\"kksr-star\" style=\"padding-right: 4px\">\n            \n\n<div class=\"kksr-icon\" style=\"width: 24px; height: 24px;\"><\/div>\n        <\/div>\n    <\/div>\n<\/div>\n                \n\n<div class=\"kksr-legend\" style=\"font-size: 19.2px;\">\n            <span class=\"kksr-muted\">Rate this page<\/span>\n    <\/div>\n    <\/div>\n","protected":false},"excerpt":{"rendered":"<p>Nh\u1eefng tr\u01b0\u1eddng h\u1ee3p \u0111\u01b0\u1ee3c \u0111\u1ed5i tr\u1ea3: H\u00e0ng b\u1ecb l\u1ed7i k\u1ef9 thu\u1eadt v\u00e0 l\u1ed7i do nh\u00e0 s\u1ea3n xu\u1ea5t. H\u00e0ng b\u1ecb h\u01b0 h\u1ecfng do qu\u00e1 tr\u00ecnh v\u1eadn chuy\u1ec3n h\u00e0ng cho kh\u00e1ch c\u1ee7a DroidShop.VN. H\u00e0ng giao kh\u00f4ng \u0111\u00fang m\u1eabu m\u00e3, lo\u1ea1i m\u00e0 kh\u00e1ch \u0111\u00e3 \u0111\u1eb7t. H\u00e0ng giao b\u1ecb thi\u1ebfu linh ph\u1ee5 ki\u1ec7n \u0111i k\u00e8m. N\u1ebfu ph\u00e1t hi\u1ec7n nh\u1eefng&#8230;<\/p>\n","protected":false},"author":473,"featured_media":0,"parent":0,"menu_order":0,"comment_status":"closed","ping_status":"closed","template":"","meta":{"footnotes":""},"class_list":["post-19768","page","type-page","status-publish","hentry"],"_links":{"self":[{"href":"https:\/\/thcare.vn\/en\/wp-json\/wp\/v2\/pages\/19768","targetHints":{"allow":["GET"]}}],"collection":[{"href":"https:\/\/thcare.vn\/en\/wp-json\/wp\/v2\/pages"}],"about":[{"href":"https:\/\/thcare.vn\/en\/wp-json\/wp\/v2\/types\/page"}],"author":[{"embeddable":true,"href":"https:\/\/thcare.vn\/en\/wp-json\/wp\/v2\/users\/473"}],"replies":[{"embeddable":true,"href":"https:\/\/thcare.vn\/en\/wp-json\/wp\/v2\/comments?post=19768"}],"version-history":[{"count":1,"href":"https:\/\/thcare.vn\/en\/wp-json\/wp\/v2\/pages\/19768\/revisions"}],"predecessor-version":[{"id":19777,"href":"https:\/\/thcare.vn\/en\/wp-json\/wp\/v2\/pages\/19768\/revisions\/19777"}],"wp:attachment":[{"href":"https:\/\/thcare.vn\/en\/wp-json\/wp\/v2\/media?parent=19768"}],"curies":[{"name":"wp","href":"https:\/\/api.w.org\/{rel}","templated":true}]}}