{"id":19769,"date":"2021-10-04T17:49:02","date_gmt":"2021-10-04T10:49:02","guid":{"rendered":"https:\/\/thcare.vn\/?page_id=19769"},"modified":"2021-10-04T17:49:02","modified_gmt":"2021-10-04T10:49:02","slug":"shipping-and-installation-policy","status":"publish","type":"page","link":"https:\/\/thcare.vn\/en\/shipping-and-installation-policy\/","title":{"rendered":"Shipping and installation policy"},"content":{"rendered":"<p>Kh\u00e1ch h\u00e0ng mua s\u1eafm t\u1ea1i DroidShop.VN c\u00f3 th\u1ec3 xem v\u00e0 nh\u1eadn h\u00e0ng tr\u1ef1c ti\u1ebfp t\u1ea1i c\u1eeda h\u00e0ng.<\/p>\n<p>Tr\u01b0\u1eddng h\u1ee3p kh\u00e1ch h\u00e0ng mua h\u00e0ng tr\u1ef1c tuy\u1ebfn ho\u1eb7c c\u00f3 nhu c\u1ea7u nh\u1edd v\u1eadn chuy\u1ec3n \u0111\u1ebfn t\u1eadn n\u01a1i theo y\u00eau c\u1ea7u th\u00ec c\u00f4ng ty ch\u00fang t\u00f4i c\u00f3 cung c\u1ea5p d\u1ecbch v\u1ee5 v\u1eadn chuy\u1ec3n cho kh\u00e1ch h\u00e0ng. Th\u00f4ng th\u01b0\u1eddng DroidShop.VN s\u1ebd v\u1eadn chuy\u1ec3n cho kh\u00e1ch h\u00e0ng trong kho\u1ea3ng 60 ph\u00fat cho kh\u00e1ch h\u00e0ng t\u1ea1i TP H\u1ed3 Ch\u00ed Minh v\u00e0 2 \u0111\u1ebfn 3 ng\u00e0y cho nh\u1eefng t\u1ec9nh th\u00e0nh c\u00f2n l\u1ea1i\u00a0k\u1ec3 t\u1eeb khi nh\u1eadn \u0111\u01b0\u1ee3c \u0111\u01a1n h\u00e0ng. Tuy nhi\u00ean, c\u0169ng c\u00f3 tr\u01b0\u1eddng h\u1ee3p vi\u1ec7c giao h\u00e0ng k\u00e9o d\u00e0i h\u01a1n nh\u01b0ng ch\u1ec9 x\u1ea3y ra trong nh\u1eefng t\u00ecnh hu\u1ed1ng b\u1ea5t kh\u1ea3 kh\u00e1ng nh\u01b0 sau:<\/p>\n<p>&#8211; Nh\u00e2n vi\u00ean DroidShop.VN li\u00ean l\u1ea1c v\u1edbi kh\u00e1ch h\u00e0ng qua \u0111i\u1ec7n tho\u1ea1i kh\u00f4ng \u0111\u01b0\u1ee3c n\u00ean kh\u00f4ng th\u1ec3 giao h\u00e0ng.<\/p>\n<p>&#8211; \u0110\u1ecba ch\u1ec9 giao h\u00e0ng b\u1ea1n cung c\u1ea5p kh\u00f4ng ch\u00ednh x\u00e1c ho\u1eb7c kh\u00f3 t\u00ecm.<\/p>\n<p>&#8211; S\u1ed1 l\u01b0\u1ee3ng \u0111\u01a1n h\u00e0ng c\u1ee7a DroidShop.VN t\u0103ng \u0111\u1ed9t bi\u1ebfn khi\u1ebfn vi\u1ec7c x\u1eed l\u00fd \u0111\u01a1n h\u00e0ng b\u1ecb ch\u1eadm.<\/p>\n<p>&#8211; \u0110\u1ed1i t\u00e1c cung c\u1ea5p h\u00e0ng cho DroidShop.VN ch\u1eadm h\u01a1n d\u1ef1 ki\u1ebfn khi\u1ebfn vi\u1ec7c giao h\u00e0ng b\u1ecb ch\u1eadm l\u1ea1i ho\u1eb7c \u0111\u1ed1i t\u00e1c v\u1eadn chuy\u1ec3n giao h\u00e0ng b\u1ecb ch\u1eadm<\/p>\n<p>V\u1ec1 ph\u00ed v\u1eadn chuy\u1ec3n, DroidShop.VN v\u1eadn chuy\u1ec3n cho t\u1ea5t c\u1ea3 \u0111\u01a1n h\u00e0ng to\u00e0n qu\u1ed1c. Ch\u00fang t\u00f4i th\u1ef1c hi\u1ec7n vi\u1ec7c v\u1eadn chuy\u1ec3n nhanh nh\u1ea5t v\u00e0 \u0111\u1ea3m b\u1ea3o th\u00f4ng qua nh\u1eefng c\u00f4ng ty v\u1eadn chuy\u1ec3n l\u1edbn nh\u01b0 Nasco, Viettel Post v\u00e0 Ahamove.<\/p>\n<p>Ri\u00eang v\u1edbi c\u00e1c \u0111\u01a1n h\u00e0ng tr\u1ecb gi\u00e1 tr\u00ean 600.000\u0111 th\u00ec DroidShop.VN s\u1ebd mi\u1ec5n ph\u00ed c\u01b0\u1edbc chuy\u1ec3n h\u00e0ng v\u00e0 mi\u1ec5n ph\u00ed to\u00e0n b\u1ed9 ph\u00ed COD.<\/p>\n<p>Trong tr\u01b0\u1eddng h\u1ee3p kh\u00e1ch h\u00e0ng c\u1ea7n nh\u00e2n vi\u00ean DroidShop.VN h\u1ed7 tr\u1ee3 v\u1eadn chuy\u1ec3n v\u00e0 l\u1eafp \u0111\u1eb7t t\u1ea1i nh\u00e0 (<em>ch\u1ec9 \u00e1p d\u1ee5ng t\u1ea1i n\u1ed9i th\u00e0nh Tp H\u1ed3 Ch\u00ed Minh<\/em>). DroidShop.VN s\u1ebd t\u00ednh th\u00eam ph\u00ed l\u1eafp \u0111\u1eb7t tu\u1ef3 v\u00e0o t\u1eebng s\u1ea3n ph\u1ea9m v\u00e0 s\u1ebd th\u00f4ng b\u00e1o tho\u1ea3 thu\u1eadn tr\u01b0\u1edbc v\u1edbi kh\u00e1ch h\u00e0ng.<\/p>\n<p>C\u1ea3m \u01a1n!<\/p>\n\n\n<div class=\"kk-star-ratings kksr-auto kksr-align-right kksr-valign-bottom\"\n    data-payload='{&quot;align&quot;:&quot;right&quot;,&quot;id&quot;:&quot;19769&quot;,&quot;slug&quot;:&quot;default&quot;,&quot;valign&quot;:&quot;bottom&quot;,&quot;ignore&quot;:&quot;&quot;,&quot;reference&quot;:&quot;auto&quot;,&quot;class&quot;:&quot;&quot;,&quot;count&quot;:&quot;0&quot;,&quot;legendonly&quot;:&quot;&quot;,&quot;readonly&quot;:&quot;&quot;,&quot;score&quot;:&quot;0&quot;,&quot;starsonly&quot;:&quot;&quot;,&quot;best&quot;:&quot;5&quot;,&quot;gap&quot;:&quot;4&quot;,&quot;greet&quot;:&quot;Rate this page&quot;,&quot;legend&quot;:&quot;0\\\/5 - (0 votes)&quot;,&quot;size&quot;:&quot;24&quot;,&quot;title&quot;:&quot;Shipping and installation policy&quot;,&quot;width&quot;:&quot;0&quot;,&quot;_legend&quot;:&quot;{score}\\\/{best} - ({count} {votes})&quot;,&quot;font_factor&quot;:&quot;1.25&quot;}'>\n            \n<div class=\"kksr-stars\">\n    \n<div class=\"kksr-stars-inactive\">\n            <div class=\"kksr-star\" data-star=\"1\" style=\"padding-right: 4px\">\n            \n\n<div class=\"kksr-icon\" style=\"width: 24px; height: 24px;\"><\/div>\n        <\/div>\n            <div class=\"kksr-star\" data-star=\"2\" style=\"padding-right: 4px\">\n            \n\n<div class=\"kksr-icon\" style=\"width: 24px; height: 24px;\"><\/div>\n        <\/div>\n            <div class=\"kksr-star\" data-star=\"3\" style=\"padding-right: 4px\">\n            \n\n<div class=\"kksr-icon\" style=\"width: 24px; height: 24px;\"><\/div>\n        <\/div>\n            <div class=\"kksr-star\" data-star=\"4\" style=\"padding-right: 4px\">\n            \n\n<div class=\"kksr-icon\" style=\"width: 24px; height: 24px;\"><\/div>\n        <\/div>\n            <div class=\"kksr-star\" data-star=\"5\" style=\"padding-right: 4px\">\n            \n\n<div class=\"kksr-icon\" style=\"width: 24px; height: 24px;\"><\/div>\n        <\/div>\n    <\/div>\n    \n<div class=\"kksr-stars-active\" style=\"width: 0px;\">\n            <div class=\"kksr-star\" style=\"padding-right: 4px\">\n            \n\n<div class=\"kksr-icon\" style=\"width: 24px; height: 24px;\"><\/div>\n        <\/div>\n            <div class=\"kksr-star\" style=\"padding-right: 4px\">\n            \n\n<div class=\"kksr-icon\" style=\"width: 24px; height: 24px;\"><\/div>\n        <\/div>\n            <div class=\"kksr-star\" style=\"padding-right: 4px\">\n            \n\n<div class=\"kksr-icon\" style=\"width: 24px; height: 24px;\"><\/div>\n        <\/div>\n            <div class=\"kksr-star\" style=\"padding-right: 4px\">\n            \n\n<div class=\"kksr-icon\" style=\"width: 24px; height: 24px;\"><\/div>\n        <\/div>\n            <div class=\"kksr-star\" style=\"padding-right: 4px\">\n            \n\n<div class=\"kksr-icon\" style=\"width: 24px; height: 24px;\"><\/div>\n        <\/div>\n    <\/div>\n<\/div>\n                \n\n<div class=\"kksr-legend\" style=\"font-size: 19.2px;\">\n            <span class=\"kksr-muted\">Rate this page<\/span>\n    <\/div>\n    <\/div>\n","protected":false},"excerpt":{"rendered":"<p>Kh\u00e1ch h\u00e0ng mua s\u1eafm t\u1ea1i DroidShop.VN c\u00f3 th\u1ec3 xem v\u00e0 nh\u1eadn h\u00e0ng tr\u1ef1c ti\u1ebfp t\u1ea1i c\u1eeda h\u00e0ng. Tr\u01b0\u1eddng h\u1ee3p kh\u00e1ch h\u00e0ng mua h\u00e0ng tr\u1ef1c tuy\u1ebfn ho\u1eb7c c\u00f3 nhu c\u1ea7u nh\u1edd v\u1eadn chuy\u1ec3n \u0111\u1ebfn t\u1eadn n\u01a1i theo y\u00eau c\u1ea7u th\u00ec c\u00f4ng ty ch\u00fang t\u00f4i c\u00f3 cung c\u1ea5p d\u1ecbch v\u1ee5 v\u1eadn chuy\u1ec3n cho kh\u00e1ch h\u00e0ng. Th\u00f4ng th\u01b0\u1eddng&#8230;<\/p>\n","protected":false},"author":473,"featured_media":0,"parent":0,"menu_order":0,"comment_status":"closed","ping_status":"closed","template":"","meta":{"footnotes":""},"class_list":["post-19769","page","type-page","status-publish","hentry"],"_links":{"self":[{"href":"https:\/\/thcare.vn\/en\/wp-json\/wp\/v2\/pages\/19769","targetHints":{"allow":["GET"]}}],"collection":[{"href":"https:\/\/thcare.vn\/en\/wp-json\/wp\/v2\/pages"}],"about":[{"href":"https:\/\/thcare.vn\/en\/wp-json\/wp\/v2\/types\/page"}],"author":[{"embeddable":true,"href":"https:\/\/thcare.vn\/en\/wp-json\/wp\/v2\/users\/473"}],"replies":[{"embeddable":true,"href":"https:\/\/thcare.vn\/en\/wp-json\/wp\/v2\/comments?post=19769"}],"version-history":[{"count":1,"href":"https:\/\/thcare.vn\/en\/wp-json\/wp\/v2\/pages\/19769\/revisions"}],"predecessor-version":[{"id":19778,"href":"https:\/\/thcare.vn\/en\/wp-json\/wp\/v2\/pages\/19769\/revisions\/19778"}],"wp:attachment":[{"href":"https:\/\/thcare.vn\/en\/wp-json\/wp\/v2\/media?parent=19769"}],"curies":[{"name":"wp","href":"https:\/\/api.w.org\/{rel}","templated":true}]}}