{"id":18107,"date":"2021-05-07T22:38:41","date_gmt":"2021-09-07T15:38:41","guid":{"rendered":"https:\/\/www.droidshop.vn\/san-pham\/bo-6-dau-ban-chai-dien-philips-sonicare-w3-premium\/"},"modified":"2021-10-12T22:30:37","modified_gmt":"2021-10-12T15:30:37","slug":"philips-sonicare-w3-premium-white-toothbrush-heads-6-pack","status":"publish","type":"product","link":"https:\/\/thcare.vn\/en\/san-pham\/philips-sonicare-w3-premium-white-toothbrush-heads-6-pack\/","title":{"rendered":"Philips Sonicare W3 Premium White Toothbrush Heads &#8211; 6 Pack"},"content":{"rendered":"<p><strong>A great spare or replacement for your compatible toothbrush handle, the Philips Sonicare W3 Premium White Toothbrush Heads (6 Pack) &#8211; White have dense bristles, a click-on design, and a BrushSync mode-pairing feature.<\/strong><\/p>\n<figure id=\"attachment_18102\" aria-describedby=\"caption-attachment-18102\" style=\"width: 970px\" class=\"wp-caption aligncenter\"><img loading=\"lazy\" decoding=\"async\" class=\"size-full wp-image-18103\" src=\"https:\/\/www.droidshop.vn\/wp-content\/uploads\/2021\/09\/Dau-ban-chai-Philips-Sonicare-W3-Premium-White.jpg\" alt=\"\u0110\u1ea7u B\u00e0n Ch\u1ea3i Philips Sonicare W3 Premium White\" width=\"970\" height=\"300\" srcset=\"https:\/\/thcare.vn\/wp-content\/uploads\/2021\/09\/Dau-ban-chai-Philips-Sonicare-W3-Premium-White.jpg 970w, https:\/\/thcare.vn\/wp-content\/uploads\/2021\/09\/Dau-ban-chai-Philips-Sonicare-W3-Premium-White-300x93.jpg 300w, https:\/\/thcare.vn\/wp-content\/uploads\/2021\/09\/Dau-ban-chai-Philips-Sonicare-W3-Premium-White-510x158.jpg 510w, https:\/\/thcare.vn\/wp-content\/uploads\/2021\/09\/Dau-ban-chai-Philips-Sonicare-W3-Premium-White-800x247.jpg 800w, https:\/\/thcare.vn\/wp-content\/uploads\/2021\/09\/Dau-ban-chai-Philips-Sonicare-W3-Premium-White-768x238.jpg 768w\" sizes=\"auto, (max-width: 970px) 100vw, 970px\" \/><figcaption id=\"caption-attachment-18102\" class=\"wp-caption-text\">\u0110\u1ea7u B\u00e0n Ch\u1ea3i Philips Sonicare W3 Premium White<\/figcaption><\/figure>\n<ul>\n<li>The Philips Sonicare W3 Premium Black Toothbrush Heads\u2019 sonic technology and densely-packed bristles help whiten teeth while removing stains and plaque along the gumline and deep between crevices.<\/li>\n<li>For automatic intensity level and brush mode selection, the Sonicare W3 toothbrush heads can be synced with your compatible toothbrush handle via its BrushSync mode-pairing feature*.<\/li>\n<li>Conveniently determine when it needs to be replaced, thanks to these premium toothbrush heads\u2019 Reminder bristles.<\/li>\n<li>With a convenient click-on design, these Sonicare W3 toothbrush heads can be easily placed or removed from your compatible toothbrush handle.<\/li>\n<li>These Philips Sonicare toothbrush heads are compatible with all Philips Sonicare Toothbrush Handles.<\/li>\n<\/ul>\n<figure id=\"attachment_18104\" aria-describedby=\"caption-attachment-18104\" style=\"width: 970px\" class=\"wp-caption aligncenter\"><img loading=\"lazy\" decoding=\"async\" class=\"size-full wp-image-18105\" src=\"https:\/\/www.droidshop.vn\/wp-content\/uploads\/2021\/09\/Tuong-thich-voi-tat-ca-ban-chai-danh-rang-dien-cua-Philips.jpg\" alt=\"T\u01b0\u01a1ng Th\u00edch V\u1edbi T\u1ea5t C\u1ea3 B\u00e0n Ch\u1ea3i \u0111\u00e1nh R\u0103ng \u0111i\u1ec7n C\u1ee7a Philips\" width=\"970\" height=\"300\" srcset=\"https:\/\/thcare.vn\/wp-content\/uploads\/2021\/09\/Tuong-thich-voi-tat-ca-ban-chai-danh-rang-dien-cua-Philips.jpg 970w, https:\/\/thcare.vn\/wp-content\/uploads\/2021\/09\/Tuong-thich-voi-tat-ca-ban-chai-danh-rang-dien-cua-Philips-300x93.jpg 300w, https:\/\/thcare.vn\/wp-content\/uploads\/2021\/09\/Tuong-thich-voi-tat-ca-ban-chai-danh-rang-dien-cua-Philips-510x158.jpg 510w, https:\/\/thcare.vn\/wp-content\/uploads\/2021\/09\/Tuong-thich-voi-tat-ca-ban-chai-danh-rang-dien-cua-Philips-800x247.jpg 800w, https:\/\/thcare.vn\/wp-content\/uploads\/2021\/09\/Tuong-thich-voi-tat-ca-ban-chai-danh-rang-dien-cua-Philips-768x238.jpg 768w\" sizes=\"auto, (max-width: 970px) 100vw, 970px\" \/><figcaption id=\"caption-attachment-18104\" class=\"wp-caption-text\">T\u01b0\u01a1ng Th\u00edch V\u1edbi T\u1ea5t C\u1ea3 B\u00e0n Ch\u1ea3i \u0111\u00e1nh R\u0103ng \u0111i\u1ec7n C\u1ee7a Philips<\/figcaption><\/figure>\n<h2><strong>In the box Philips Sonicare W3 Premium<\/strong><\/h2>\n<ul>\n<li>6 x Brush heads: W3 Premium White standard<\/li>\n<li>Free shipping Vietnam<\/li>\n<\/ul>\n<p>Replace your brush head every three months as recommended by the American Dental Association. A fresh brush head every three months maximizes the effectiveness of Philips\u2019 unique Sonicare technology.<\/p>\n<p>&nbsp;<\/p>\n","protected":false},"excerpt":{"rendered":"<p>A great spare or replacement for your compatible toothbrush handle, the Philips Sonicare W3 Premium White Toothbrush Heads (6 Pack) &#8211; White have dense bristles, a click-on design, and a BrushSync mode-pairing feature. The Philips Sonicare W3 Premium Black Toothbrush Heads\u2019 sonic technology and densely-packed bristles help whiten teeth while removing stains and plaque along&#8230;<\/p>\n","protected":false},"featured_media":18091,"comment_status":"open","ping_status":"closed","template":"","meta":[],"product_brand":[],"product_cat":[1529,1381,1267],"product_tag":[1275,1294,1276,1279,1295,1296,1297],"class_list":{"0":"post-18107","1":"product","2":"type-product","3":"status-publish","4":"has-post-thumbnail","6":"product_cat-philips-sonicare-en","7":"product_cat-oral-health","8":"product_cat-electric-toothbrushes","9":"product_tag-ban-chai-dien-en","10":"product_tag-ban-chai-philips-en","11":"product_tag-philips-en","12":"product_tag-sonicare-en","13":"product_tag-thay-dau-ban-chai-en","14":"product_tag-toothbrush-en","15":"product_tag-toothbrush-heads-en","17":"first","18":"onbackorder","19":"shipping-taxable","20":"purchasable","21":"product-type-simple"},"_links":{"self":[{"href":"https:\/\/thcare.vn\/en\/wp-json\/wp\/v2\/product\/18107","targetHints":{"allow":["GET"]}}],"collection":[{"href":"https:\/\/thcare.vn\/en\/wp-json\/wp\/v2\/product"}],"about":[{"href":"https:\/\/thcare.vn\/en\/wp-json\/wp\/v2\/types\/product"}],"replies":[{"embeddable":true,"href":"https:\/\/thcare.vn\/en\/wp-json\/wp\/v2\/comments?post=18107"}],"wp:featuredmedia":[{"embeddable":true,"href":"https:\/\/thcare.vn\/en\/wp-json\/wp\/v2\/media\/18091"}],"wp:attachment":[{"href":"https:\/\/thcare.vn\/en\/wp-json\/wp\/v2\/media?parent=18107"}],"wp:term":[{"taxonomy":"product_brand","embeddable":true,"href":"https:\/\/thcare.vn\/en\/wp-json\/wp\/v2\/product_brand?post=18107"},{"taxonomy":"product_cat","embeddable":true,"href":"https:\/\/thcare.vn\/en\/wp-json\/wp\/v2\/product_cat?post=18107"},{"taxonomy":"product_tag","embeddable":true,"href":"https:\/\/thcare.vn\/en\/wp-json\/wp\/v2\/product_tag?post=18107"}],"curies":[{"name":"wp","href":"https:\/\/api.w.org\/{rel}","templated":true}]}}