{"id":18445,"date":"2021-09-20T11:46:02","date_gmt":"2021-09-20T04:46:02","guid":{"rendered":"https:\/\/thcare.vn\/san-pham\/vien-uong-bo-khop-kirkland-glucosamine-1500mg-chondroitin-1200mg\/"},"modified":"2021-10-12T22:21:08","modified_gmt":"2021-10-12T15:21:08","slug":"vien-uong-bo-khop-kirkland-glucosamine-1500mg-chondroitin-1200mg","status":"publish","type":"product","link":"https:\/\/thcare.vn\/en\/san-pham\/vien-uong-bo-khop-kirkland-glucosamine-1500mg-chondroitin-1200mg\/","title":{"rendered":"Kirkland Signature Glucosamine 1500mg &#038; Chondroitin 1200mg"},"content":{"rendered":"<p><strong>Kirkland Signature Glucosamine 1500mg &amp; Chondroitin 1200mg import from USA free shipping Vietnam<\/strong><\/p>\n<p>Add Kirkland Signature\u2122 Extra Strength Glucosamine 1500 mg &amp; Chondroitin 1200 mg to your daily regimen to help support healthy joints.\u2020 Our product is an extra strength formulation which delivers the suggested daily dosage in just two tablets.<\/p>\n<figure id=\"attachment_18440\" aria-describedby=\"caption-attachment-18440\" style=\"width: 1186px\" class=\"wp-caption aligncenter\"><img loading=\"lazy\" decoding=\"async\" class=\"size-full wp-image-18441\" src=\"https:\/\/thcare.vn\/wp-content\/uploads\/2021\/09\/Cong-dung-vien-uong-Kirkland-Signature-Glucosamine-1500mg-Chondroitin-1200mg.jpg\" alt=\"C\u00f4ng D\u1ee5ng Vi\u00ean U\u1ed1ng Kirkland Signature Glucosamine 1500mg Chondroitin 1200mg\" width=\"1186\" height=\"499\" srcset=\"https:\/\/thcare.vn\/wp-content\/uploads\/2021\/09\/Cong-dung-vien-uong-Kirkland-Signature-Glucosamine-1500mg-Chondroitin-1200mg.jpg 1186w, https:\/\/thcare.vn\/wp-content\/uploads\/2021\/09\/Cong-dung-vien-uong-Kirkland-Signature-Glucosamine-1500mg-Chondroitin-1200mg-300x126.jpg 300w, https:\/\/thcare.vn\/wp-content\/uploads\/2021\/09\/Cong-dung-vien-uong-Kirkland-Signature-Glucosamine-1500mg-Chondroitin-1200mg-510x215.jpg 510w, https:\/\/thcare.vn\/wp-content\/uploads\/2021\/09\/Cong-dung-vien-uong-Kirkland-Signature-Glucosamine-1500mg-Chondroitin-1200mg-800x337.jpg 800w, https:\/\/thcare.vn\/wp-content\/uploads\/2021\/09\/Cong-dung-vien-uong-Kirkland-Signature-Glucosamine-1500mg-Chondroitin-1200mg-768x323.jpg 768w\" sizes=\"auto, (max-width: 1186px) 100vw, 1186px\" \/><figcaption id=\"caption-attachment-18440\" class=\"wp-caption-text\">C\u00f4ng D\u1ee5ng Vi\u00ean U\u1ed1ng Kirkland Signature Glucosamine 1500mg Chondroitin 1200mg<\/figcaption><\/figure>\n<p>Our bones are inflexible. So, joints where bones connect are what enable the movement of our body. Joints are complex structures with many parts having a job to do in facilitating movement. Muscles, tendons, cartilage and ligaments, for instance, are some of the structures that have a role in ensuring that our bones move in the proper direction and without rubbing against each other.<\/p>\n<p>Fluids, such as synovial fluid, also play a key role in keeping us moving.<\/p>\n<p>Both glucosamine and chondroitin are naturally found in the body too. Glucosamine is a major structural component of cartilage, synovial fluid and other connective tissue.<\/p>\n<p>It helps support healthy structure and function of joints. Chondroitin helps maintain existing cartilage and supports healthy connective tissue.Taking Kirkland Signature Glucosamine 1500 mg &amp; Chondroitin 1200 mg may provide support in helping to maintain the health of your joints.<\/p>\n<figure id=\"attachment_18447\" aria-describedby=\"caption-attachment-18447\" style=\"width: 1020px\" class=\"wp-caption aligncenter\"><img loading=\"lazy\" decoding=\"async\" class=\"size-large wp-image-18447\" src=\"https:\/\/thcare.vn\/wp-content\/uploads\/2021\/09\/Kirkland-Signature-Glucosamine-1500mg-and-Chondroitin-1200mg-1400x140.jpg\" alt=\"Kirkland Signature Glucosamine 1500mg And Chondroitin 1200mg\" width=\"1020\" height=\"102\" srcset=\"https:\/\/thcare.vn\/wp-content\/uploads\/2021\/09\/Kirkland-Signature-Glucosamine-1500mg-and-Chondroitin-1200mg-1400x140.jpg 1400w, https:\/\/thcare.vn\/wp-content\/uploads\/2021\/09\/Kirkland-Signature-Glucosamine-1500mg-and-Chondroitin-1200mg-300x30.jpg 300w, https:\/\/thcare.vn\/wp-content\/uploads\/2021\/09\/Kirkland-Signature-Glucosamine-1500mg-and-Chondroitin-1200mg-510x51.jpg 510w, https:\/\/thcare.vn\/wp-content\/uploads\/2021\/09\/Kirkland-Signature-Glucosamine-1500mg-and-Chondroitin-1200mg-800x80.jpg 800w, https:\/\/thcare.vn\/wp-content\/uploads\/2021\/09\/Kirkland-Signature-Glucosamine-1500mg-and-Chondroitin-1200mg-768x77.jpg 768w, https:\/\/thcare.vn\/wp-content\/uploads\/2021\/09\/Kirkland-Signature-Glucosamine-1500mg-and-Chondroitin-1200mg-1536x154.jpg 1536w, https:\/\/thcare.vn\/wp-content\/uploads\/2021\/09\/Kirkland-Signature-Glucosamine-1500mg-and-Chondroitin-1200mg.jpg 1920w\" sizes=\"auto, (max-width: 1020px) 100vw, 1020px\" \/><figcaption id=\"caption-attachment-18447\" class=\"wp-caption-text\">Kirkland Signature Glucosamine 1500mg And Chondroitin 1200mg<\/figcaption><\/figure>\n<p>One cannot easily derive glucosamine or chondroitin from food sources. The best way to get adequate amounts of these two nutrients is in a dietary supplement. In our Kirkland Signature brand, glucosamine comes from the exoskeletons of two crustacean shellfish \u2014 crab and shrimp and the chondroitin is derived from bovine sources.<\/p>\n<h2><strong>Suggested Use<\/strong><\/h2>\n<ul>\n<li>Adults \u2013 Take two (2) tablets daily, preferably with a meal.<\/li>\n<\/ul>\n<h2><strong>Ingredients<\/strong><\/h2>\n<p>Glucosamine Hydrochloride, Chondroitin Sulfate Sodium (Bovine). Contains 2% or less of artificial vanilla flavor, carnauba wax, croscarmellose sodium, hydroxypropyl methylcellulose, magnesium stearate, medium chain triglycerides, microcrystalline cellulose, polyethylene glycol, silicon dioxide, sodium lauryl sulfate, stearic acid, triacetin.<br \/>\nContains: Crustacean Shellfish (crab, shrimp).<\/p>\n<ul>\n<li><strong>No<\/strong> Artificial Colors<\/li>\n<li><strong>No<\/strong> Sugar<\/li>\n<li><strong>No<\/strong> Gluten<\/li>\n<li><strong>No<\/strong> Lactose<\/li>\n<\/ul>\n<p><strong>Tablet color may vary.<\/strong><\/p>\n<p><strong>Individual results may vary.<\/strong><\/p>\n<p><strong>CAUTION: If you are pregnant, nursing or taking any medications, consult your doctor before use. Discontinue use and consult your doctor if any adverse reactions occur.<\/strong><\/p>\n<p>Keep out of the reach of children.<\/p>\n<p>Store at 15\u00b0 \u2013 30\u00b0 C (59\u00b0 \u2013 86\u00b0F).<\/p>\n<h2><strong>In the box<\/strong><\/h2>\n<ul>\n<li>Name of product: <strong>Kirkland Signature Glucosamine 1500mg &amp; Chondroitin 1200mg<\/strong><\/li>\n<li>Brand: <strong>Kirkland Signature<\/strong><\/li>\n<li>Country of origin: <strong><span class=\"VIiyi\" lang=\"en\"><span class=\"JLqJ4b ChMk0b\" data-language-for-alternatives=\"en\" data-language-to-translate-into=\"vi\" data-phrase-index=\"2\">America<\/span><\/span> \u00a0(USA)<\/strong><\/li>\n<li>Quy c\u00e1ch \u0111\u00f3ng g\u00f3i:<b> 220 Tablets<\/b><\/li>\n<li><strong>Shipping Vietnam<\/strong><\/li>\n<\/ul>\n","protected":false},"excerpt":{"rendered":"<p>Kirkland Signature Glucosamine 1500mg &amp; Chondroitin 1200mg import from USA free shipping Vietnam Add Kirkland Signature\u2122 Extra Strength Glucosamine 1500 mg &amp; Chondroitin 1200 mg to your daily regimen to help support healthy joints.\u2020 Our product is an extra strength formulation which delivers the suggested daily dosage in just two tablets. Our bones are inflexible&#8230;.<\/p>\n","protected":false},"featured_media":18443,"comment_status":"open","ping_status":"closed","template":"","meta":[],"product_brand":[],"product_cat":[1337],"product_tag":[1376,1377,1340,1378],"class_list":{"0":"post-18445","1":"product","2":"type-product","3":"status-publish","4":"has-post-thumbnail","6":"product_cat-health-supplements","7":"product_tag-bo-khop-en","8":"product_tag-chondroitin-en","9":"product_tag-glucosamine-en","10":"product_tag-kirkland-signature-en","12":"first","13":"onbackorder","14":"sale","15":"shipping-taxable","16":"purchasable","17":"product-type-simple"},"_links":{"self":[{"href":"https:\/\/thcare.vn\/en\/wp-json\/wp\/v2\/product\/18445","targetHints":{"allow":["GET"]}}],"collection":[{"href":"https:\/\/thcare.vn\/en\/wp-json\/wp\/v2\/product"}],"about":[{"href":"https:\/\/thcare.vn\/en\/wp-json\/wp\/v2\/types\/product"}],"replies":[{"embeddable":true,"href":"https:\/\/thcare.vn\/en\/wp-json\/wp\/v2\/comments?post=18445"}],"wp:featuredmedia":[{"embeddable":true,"href":"https:\/\/thcare.vn\/en\/wp-json\/wp\/v2\/media\/18443"}],"wp:attachment":[{"href":"https:\/\/thcare.vn\/en\/wp-json\/wp\/v2\/media?parent=18445"}],"wp:term":[{"taxonomy":"product_brand","embeddable":true,"href":"https:\/\/thcare.vn\/en\/wp-json\/wp\/v2\/product_brand?post=18445"},{"taxonomy":"product_cat","embeddable":true,"href":"https:\/\/thcare.vn\/en\/wp-json\/wp\/v2\/product_cat?post=18445"},{"taxonomy":"product_tag","embeddable":true,"href":"https:\/\/thcare.vn\/en\/wp-json\/wp\/v2\/product_tag?post=18445"}],"curies":[{"name":"wp","href":"https:\/\/api.w.org\/{rel}","templated":true}]}}