{"id":19474,"date":"2021-10-01T14:13:46","date_gmt":"2021-10-01T07:13:46","guid":{"rendered":"https:\/\/thcare.vn\/san-pham\/mat-na-foreo-hoa-hong-bulgarian-rose\/"},"modified":"2021-10-12T13:23:36","modified_gmt":"2021-10-12T06:23:36","slug":"foreo-farm-to-face-collection-mask-bulgarian-rose","status":"publish","type":"product","link":"https:\/\/thcare.vn\/en\/san-pham\/foreo-farm-to-face-collection-mask-bulgarian-rose\/","title":{"rendered":"FOREO Farm to Face Collection Mask &#8211; Bulgarian Rose"},"content":{"rendered":"<p><strong>FOREO Farm to Face Collection Mask &#8211; Bulgarian Rose Infused with all-natural rose water, this lightweight smart mask treatment helps transform dull, dry skin in minutes. Pair with UFO for a radiance-boosting facial treatment that will leave skin healthy and hydrated.<\/strong><\/p>\n<p><img loading=\"lazy\" decoding=\"async\" class=\"alignnone size-medium wp-image-19199\" src=\"https:\/\/thcare.vn\/wp-content\/uploads\/2021\/10\/MAT-NA-Bulgarian-Rose-2-800x296.jpg\" alt=\"\" width=\"800\" height=\"296\" srcset=\"https:\/\/thcare.vn\/wp-content\/uploads\/2021\/10\/MAT-NA-Bulgarian-Rose-2-800x296.jpg 800w, https:\/\/thcare.vn\/wp-content\/uploads\/2021\/10\/MAT-NA-Bulgarian-Rose-2-300x111.jpg 300w, https:\/\/thcare.vn\/wp-content\/uploads\/2021\/10\/MAT-NA-Bulgarian-Rose-2-510x189.jpg 510w, https:\/\/thcare.vn\/wp-content\/uploads\/2021\/10\/MAT-NA-Bulgarian-Rose-2-1400x518.jpg 1400w, https:\/\/thcare.vn\/wp-content\/uploads\/2021\/10\/MAT-NA-Bulgarian-Rose-2-768x284.jpg 768w, https:\/\/thcare.vn\/wp-content\/uploads\/2021\/10\/MAT-NA-Bulgarian-Rose-2-1536x569.jpg 1536w, https:\/\/thcare.vn\/wp-content\/uploads\/2021\/10\/MAT-NA-Bulgarian-Rose-2-2048x758.jpg 2048w\" sizes=\"auto, (max-width: 800px) 100vw, 800px\" \/><\/p>\n<p><strong><span class=\"VIiyi\" lang=\"en\"><span class=\"JLqJ4b ChMk0b\" data-language-for-alternatives=\"en\" data-language-to-translate-into=\"vi\" data-phrase-index=\"0\">Compatible<\/span><\/span> with\u00a0<span style=\"color: #0000ff;\"><a style=\"color: #0000ff;\" href=\"https:\/\/thcare.vn\/en\/san-pham\/foreo-ufo-smart-mask-treatment-device\/\">Foreo UFO<\/a><\/span> v\u00e0 <span style=\"color: #0000ff;\"><a style=\"color: #0000ff;\" href=\"https:\/\/thcare.vn\/en\/san-pham\/foreo-ufo-2-smart-mask-treatment-device\/\">Foreo UFO 2<\/a><\/span>.<\/strong><\/p>\n<h2><strong>KEY INGREDIENTS Bulgarian Rose<\/strong><\/h2>\n<ul>\n<li><strong>BULGARIAN ROSE from Bulgaria: <\/strong>While the hydrating, revizalizing and moisturizing powers of rose water help keep skin refreshed, the rose petals contain sugars and natural oils that trap moisture in the skin to refresh dull, dry skin for a smoother and softer complexion.<\/li>\n<li><strong>JOJOBA SEED OIL: <\/strong>Emollient and non-fragrant, jojoba seed is a rich source of skin-replenishing moisture that helps restore oil balance without clogging pores or leaving a greasy residue. Skin is always left soft, supple, and nourished.<\/li>\n<li><strong>FORMULATED WITHOUT:<\/strong> Sulfates SLS, SLES, parabens, fofrmaldehyde-releasing agents, phthalates, mineral oil, retinyl palmitate, oxybenzone, coal tar, hydroquinone, triclosan and triclocarban and contains less than 1% synthetic fragrances.<\/li>\n<\/ul>\n<p><img loading=\"lazy\" decoding=\"async\" class=\"size-medium wp-image-19196 aligncenter\" src=\"https:\/\/thcare.vn\/wp-content\/uploads\/2021\/10\/MAT-NA-Bulgarian-Rose-800x336.jpg\" alt=\"\" width=\"800\" height=\"336\" srcset=\"https:\/\/thcare.vn\/wp-content\/uploads\/2021\/10\/MAT-NA-Bulgarian-Rose-800x336.jpg 800w, https:\/\/thcare.vn\/wp-content\/uploads\/2021\/10\/MAT-NA-Bulgarian-Rose-300x126.jpg 300w, https:\/\/thcare.vn\/wp-content\/uploads\/2021\/10\/MAT-NA-Bulgarian-Rose-510x214.jpg 510w, https:\/\/thcare.vn\/wp-content\/uploads\/2021\/10\/MAT-NA-Bulgarian-Rose-1400x587.jpg 1400w, https:\/\/thcare.vn\/wp-content\/uploads\/2021\/10\/MAT-NA-Bulgarian-Rose-768x322.jpg 768w, https:\/\/thcare.vn\/wp-content\/uploads\/2021\/10\/MAT-NA-Bulgarian-Rose-1536x644.jpg 1536w, https:\/\/thcare.vn\/wp-content\/uploads\/2021\/10\/MAT-NA-Bulgarian-Rose-2048x859.jpg 2048w\" sizes=\"auto, (max-width: 800px) 100vw, 800px\" \/><\/p>\n<h2><strong>ALL NATURAL ROSE WATER FOR A TOTAL REFRESH<\/strong><\/h2>\n<ul>\n<li>\n<div>Bulgarian Rose v\u1edbi th\u00e0nh ph\u1ea7n ch\u00ednh chi\u1ebft xu\u1ea5t t\u1eeb hoa h\u1ed3ng \u0111\u1ebfn t\u1eeb Bulgaria, gi\u00fap da \u0111\u01b0\u1ee3c d\u01b0\u1ee1ng \u1ea9m, h\u1ed3i ph\u1ee5c l\u00e0n da tr\u1edf n\u00ean m\u1ecbn m\u00e0ng tr\u1eafng s\u00e1ng h\u01a1n.<\/div>\n<\/li>\n<li>D\u1ea7u h\u1ea1t Jojoba l\u00e0m d\u1ecbu v\u00e0 l\u00e0 ngu\u1ed3n cung c\u1ea5p \u0111\u1ed9 \u1ea9m d\u1ed3i d\u00e0o gi\u00fap b\u1ed5 sung \u0111\u1ed9 \u1ea9m cho da, gi\u00fap kh\u00f4i ph\u1ee5c s\u1ef1 c\u00e2n b\u1eb1ng d\u1ea7u m\u00e0 kh\u00f4ng l\u00e0m t\u1eafc ngh\u1ebdn l\u1ed7 ch\u00e2n l\u00f4ng. Gi\u00fap da lu\u00f4n m\u1ec1m m\u1ea1i, d\u1ebbo dai v\u00e0 \u0111\u01b0\u1ee3c nu\u00f4i d\u01b0\u1ee1ng.<\/li>\n<\/ul>\n<h2><strong>MASK TREATMENT<\/strong><\/h2>\n<p><a href=\"https:\/\/thcare.vn\/wp-content\/uploads\/2021\/10\/MAT-NA-Bulgarian-Rose-7.jpg\"><img loading=\"lazy\" decoding=\"async\" class=\"size-medium wp-image-19245 aligncenter\" src=\"https:\/\/thcare.vn\/wp-content\/uploads\/2021\/10\/MAT-NA-Bulgarian-Rose-7-800x230.jpg\" alt=\"\" width=\"800\" height=\"230\" srcset=\"https:\/\/thcare.vn\/wp-content\/uploads\/2021\/10\/MAT-NA-Bulgarian-Rose-7-800x230.jpg 800w, https:\/\/thcare.vn\/wp-content\/uploads\/2021\/10\/MAT-NA-Bulgarian-Rose-7-300x86.jpg 300w, https:\/\/thcare.vn\/wp-content\/uploads\/2021\/10\/MAT-NA-Bulgarian-Rose-7-510x146.jpg 510w, https:\/\/thcare.vn\/wp-content\/uploads\/2021\/10\/MAT-NA-Bulgarian-Rose-7-1400x402.jpg 1400w, https:\/\/thcare.vn\/wp-content\/uploads\/2021\/10\/MAT-NA-Bulgarian-Rose-7-768x220.jpg 768w, https:\/\/thcare.vn\/wp-content\/uploads\/2021\/10\/MAT-NA-Bulgarian-Rose-7-1536x441.jpg 1536w, https:\/\/thcare.vn\/wp-content\/uploads\/2021\/10\/MAT-NA-Bulgarian-Rose-7-2048x588.jpg 2048w\" sizes=\"auto, (max-width: 800px) 100vw, 800px\" \/><\/a><\/p>\n<ul>\n<li>Thermo-Therapy and red LED light perfectly prep the skin to absorb the full benefits of the mask essence.<\/li>\n<li>With the addition of T\u2011Sonic\u2122 pulsations &amp; Cryo-Therapy, this refreshing facial massage ensures maximum absorption of hydrating ingredients.<\/li>\n<li>T\u2011Sonic\u2122 pulsations are reduced to a soothing low frequency while green LED light helps to even skin tone.<\/li>\n<\/ul>\n<p><a href=\"https:\/\/thcare.vn\/wp-content\/uploads\/2021\/10\/Huong-dan-su-dung-mat-na-Foreo-Bulgarian-Rose.gif\"><img loading=\"lazy\" decoding=\"async\" class=\"aligncenter size-full wp-image-19477\" src=\"https:\/\/thcare.vn\/wp-content\/uploads\/2021\/10\/Huong-dan-su-dung-mat-na-Foreo-Bulgarian-Rose.gif\" alt=\"\" width=\"680\" height=\"300\" \/><\/a><\/p>\n","protected":false},"excerpt":{"rendered":"<ul>\n<li>Soothe, tone and hydrate with moisture-restoring Bulgarian Rose Water.<\/li>\n<li>Ideal for reviving dull, dry skin.<\/li>\n<li>Restores oil balance with Jojoba Seed Oil, without clogging pores.<\/li>\n<li>Activated with the FOREO UFO\/UFO 2.<\/li>\n<li>Suitable for all skin types.<\/li>\n<li>100% plant based and biodegradable<\/li>\n<\/ul>\n","protected":false},"featured_media":19467,"comment_status":"open","ping_status":"closed","template":"","meta":[],"product_brand":[],"product_cat":[1553,1604],"product_tag":[1615,1554,1592,1616,1617,1618,1557,1594],"class_list":{"0":"post-19474","1":"product","2":"type-product","3":"status-publish","4":"has-post-thumbnail","6":"product_cat-mask-making-machine","7":"product_cat-skin-care-machine","8":"product_tag-bulgarian-rose-en","9":"product_tag-foreo-ufo-en","10":"product_tag-foreo-ufo-2-en","11":"product_tag-mat-na-foreo-en","12":"product_tag-mat-na-hoa-hong-en","13":"product_tag-may-dap-mat-ufo-en","14":"product_tag-ufo-en","15":"product_tag-ufo-2-en","17":"first","18":"instock","19":"sale","20":"shipping-taxable","21":"purchasable","22":"product-type-simple"},"_links":{"self":[{"href":"https:\/\/thcare.vn\/en\/wp-json\/wp\/v2\/product\/19474","targetHints":{"allow":["GET"]}}],"collection":[{"href":"https:\/\/thcare.vn\/en\/wp-json\/wp\/v2\/product"}],"about":[{"href":"https:\/\/thcare.vn\/en\/wp-json\/wp\/v2\/types\/product"}],"replies":[{"embeddable":true,"href":"https:\/\/thcare.vn\/en\/wp-json\/wp\/v2\/comments?post=19474"}],"wp:featuredmedia":[{"embeddable":true,"href":"https:\/\/thcare.vn\/en\/wp-json\/wp\/v2\/media\/19467"}],"wp:attachment":[{"href":"https:\/\/thcare.vn\/en\/wp-json\/wp\/v2\/media?parent=19474"}],"wp:term":[{"taxonomy":"product_brand","embeddable":true,"href":"https:\/\/thcare.vn\/en\/wp-json\/wp\/v2\/product_brand?post=19474"},{"taxonomy":"product_cat","embeddable":true,"href":"https:\/\/thcare.vn\/en\/wp-json\/wp\/v2\/product_cat?post=19474"},{"taxonomy":"product_tag","embeddable":true,"href":"https:\/\/thcare.vn\/en\/wp-json\/wp\/v2\/product_tag?post=19474"}],"curies":[{"name":"wp","href":"https:\/\/api.w.org\/{rel}","templated":true}]}}