{"id":20261,"date":"2021-09-22T10:39:48","date_gmt":"2021-09-22T03:39:48","guid":{"rendered":"https:\/\/thcare.vn\/san-pham\/sua-rua-mat-laroche-posay-effaclar-purifying-foaming-gel-cleanser-da-hon-hop-dau-va-mun\/"},"modified":"2021-10-14T13:40:39","modified_gmt":"2021-10-14T06:40:39","slug":"laroche-posay-effaclar-purifying-foaming-gel-cleanser","status":"publish","type":"product","link":"https:\/\/thcare.vn\/en\/san-pham\/laroche-posay-effaclar-purifying-foaming-gel-cleanser\/","title":{"rendered":"LaRoche Posay Effaclar Purifying Foaming Gel Cleanser"},"content":{"rendered":"<p><strong>LaRoche Posay Effaclar Purifying Foaming Gel Cleanser Oily skin face wash cleanser gently cleanses impurities and reduces excess oil while helping to prevent over drying. Face wash is formulated with Zinc Pidolate to purify skin and help remove excess oil.\u00a0<\/strong><\/p>\n<p><img loading=\"lazy\" decoding=\"async\" class=\"size-medium wp-image-18563 aligncenter\" src=\"https:\/\/thcare.vn\/wp-content\/uploads\/2021\/09\/Sua-rua-mat-La-Roche-Posay-Effaclar-Purifying-Foaming-Gel-Cleanser-giup-da-ban-sach-hon-600x400.jpg\" alt=\"S\u1eefa R\u1eeda M\u1eb7t La Roche Posay Effaclar Purifying Foaming Gel Cleanser Gi\u00fap Da B\u1ea1n S\u1ea1ch H\u01a1n\" width=\"600\" height=\"400\" srcset=\"https:\/\/thcare.vn\/wp-content\/uploads\/2021\/09\/Sua-rua-mat-La-Roche-Posay-Effaclar-Purifying-Foaming-Gel-Cleanser-giup-da-ban-sach-hon-600x400.jpg 600w, https:\/\/thcare.vn\/wp-content\/uploads\/2021\/09\/Sua-rua-mat-La-Roche-Posay-Effaclar-Purifying-Foaming-Gel-Cleanser-giup-da-ban-sach-hon-300x200.jpg 300w, https:\/\/thcare.vn\/wp-content\/uploads\/2021\/09\/Sua-rua-mat-La-Roche-Posay-Effaclar-Purifying-Foaming-Gel-Cleanser-giup-da-ban-sach-hon-510x340.jpg 510w, https:\/\/thcare.vn\/wp-content\/uploads\/2021\/09\/Sua-rua-mat-La-Roche-Posay-Effaclar-Purifying-Foaming-Gel-Cleanser-giup-da-ban-sach-hon-1200x800.jpg 1200w, https:\/\/thcare.vn\/wp-content\/uploads\/2021\/09\/Sua-rua-mat-La-Roche-Posay-Effaclar-Purifying-Foaming-Gel-Cleanser-giup-da-ban-sach-hon-768x512.jpg 768w, https:\/\/thcare.vn\/wp-content\/uploads\/2021\/09\/Sua-rua-mat-La-Roche-Posay-Effaclar-Purifying-Foaming-Gel-Cleanser-giup-da-ban-sach-hon-1536x1024.jpg 1536w, https:\/\/thcare.vn\/wp-content\/uploads\/2021\/09\/Sua-rua-mat-La-Roche-Posay-Effaclar-Purifying-Foaming-Gel-Cleanser-giup-da-ban-sach-hon.jpg 1920w\" sizes=\"auto, (max-width: 600px) 100vw, 600px\" \/><\/p>\n<p>S\u1eefa R\u1eeda M\u1eb7t La Roche Posay Gel d\u00e0nh cho m\u1ecdi lo\u1ea1i da \u0111\u1eb7c bi\u1ec7t da d\u1ea7u m\u1ee5n nh\u1ea1y c\u1ea3m<\/p>\n<h2><strong>Th\u00e0nh ph\u1ea7n v\u00e0 c\u00f4ng d\u1ee5ng<\/strong><\/h2>\n<ul>\n<li>S\u1eefa r\u1eeda m\u1eb7t c\u00f3 pH 5.5, kh\u00f4ng ch\u1ee9a x\u00e0 ph\u00f2ng, kh\u00f4ng ch\u1ee9a c\u1ed3n, kh\u00f4ng ch\u1ee9a ch\u1ea5t t\u1ea1o m\u00e0u n\u00ean an to\u00e0n tuy\u1ec7t \u0111\u1ed1i v\u1edbi da m\u1ee5n, da nh\u1ea1y c\u1ea3m.<\/li>\n<li>V\u1edbi c\u00f4ng th\u1ee9c t\u1eeb n\u01b0\u1edbc su\u1ed1i nhi\u1ec7t ti\u1ec1n sinh La Roche-Posay, niacinamide v\u00e0 ceramide-3 gi\u00fap\u00a0nh\u1eb9 nh\u00e0ng l\u00e0m s\u1ea1ch da kh\u1ecfi b\u1ee5i b\u1ea9n, l\u1edbp trang \u0111i\u1ec3m v\u00e0 t\u1ea1p ch\u1ea5t \u0111\u1ed3ng th\u1eddi duy tr\u00ec \u0111\u1ed9 \u1ea9m cho da.<\/li>\n<li>Gi\u00fap l\u00e0m d\u1ecbu da v\u00e0 gi\u1ea3m k\u00edch \u1ee9ng, ch\u1ee9a ho\u1ea1t ch\u1ea5t\u00a0 Zinc pidolate c\u00f3 t\u00e1c d\u1ee5ng s\u00e1t khu\u1ea9n, lo\u1ea1i b\u1ecf l\u01b0\u1ee3ng d\u1ea7u th\u1eeba.<\/li>\n<li>S\u1ea3n ph\u1ea9m l\u00e0 d\u1ea1ng gel t\u1ea1o b\u1ecdt nh\u1eb9 nh\u00e0ng gi\u00fap lo\u1ea1i b\u1ecf b\u1ee5i b\u1ea9n, b\u00e3 nh\u1eddn, t\u1ea1p ch\u1ea5t v\u00e0 c\u00e1c t\u00e1c nh\u00e2n g\u00e2y h\u1ea1i cho da.<\/li>\n<\/ul>\n<figure id=\"attachment_18566\" aria-describedby=\"caption-attachment-18566\" style=\"width: 400px\" class=\"wp-caption aligncenter\"><img loading=\"lazy\" decoding=\"async\" class=\"size-medium wp-image-18567\" src=\"https:\/\/thcare.vn\/wp-content\/uploads\/2021\/09\/Sua-rua-mat-La-Roche-Posay-Effaclar-Purifying-Foaming-Gel-Cleanser-chuyen-dung-cho-da-dau-nhon-400x400.jpg\" alt=\"S\u1eefa R\u1eeda M\u1eb7t La Roche Posay Effaclar Purifying Foaming Gel Cleanser Chuy\u00ean D\u00f9ng Cho Da D\u1ea7u Nh\u1eddn\" width=\"400\" height=\"400\" srcset=\"https:\/\/thcare.vn\/wp-content\/uploads\/2021\/09\/Sua-rua-mat-La-Roche-Posay-Effaclar-Purifying-Foaming-Gel-Cleanser-chuyen-dung-cho-da-dau-nhon-400x400.jpg 400w, https:\/\/thcare.vn\/wp-content\/uploads\/2021\/09\/Sua-rua-mat-La-Roche-Posay-Effaclar-Purifying-Foaming-Gel-Cleanser-chuyen-dung-cho-da-dau-nhon-300x300.jpg 300w, https:\/\/thcare.vn\/wp-content\/uploads\/2021\/09\/Sua-rua-mat-La-Roche-Posay-Effaclar-Purifying-Foaming-Gel-Cleanser-chuyen-dung-cho-da-dau-nhon-100x100.jpg 100w, https:\/\/thcare.vn\/wp-content\/uploads\/2021\/09\/Sua-rua-mat-La-Roche-Posay-Effaclar-Purifying-Foaming-Gel-Cleanser-chuyen-dung-cho-da-dau-nhon-510x510.jpg 510w, https:\/\/thcare.vn\/wp-content\/uploads\/2021\/09\/Sua-rua-mat-La-Roche-Posay-Effaclar-Purifying-Foaming-Gel-Cleanser-chuyen-dung-cho-da-dau-nhon-280x280.jpg 280w, https:\/\/thcare.vn\/wp-content\/uploads\/2021\/09\/Sua-rua-mat-La-Roche-Posay-Effaclar-Purifying-Foaming-Gel-Cleanser-chuyen-dung-cho-da-dau-nhon.jpg 640w\" sizes=\"auto, (max-width: 400px) 100vw, 400px\" \/><figcaption id=\"caption-attachment-18566\" class=\"wp-caption-text\">S\u1eefa R\u1eeda M\u1eb7t La Roche Posay Gel\u00a0 kh\u00f4ng g\u00e2y kh\u00f4 da<\/figcaption><\/figure>\n<h2><strong>C\u00e1ch s\u1eed d\u1ee5ng s\u1ea3n ph\u1ea9m<\/strong><\/h2>\n<ul>\n<li>\u00a0Sau b\u01b0\u1edbc t\u1ea9y trang, la\u0300m \u01b0\u01a1\u0301t m\u0103\u0323t.<\/li>\n<li>L\u00e2\u0301y m\u00f4\u0323t l\u01b0\u01a1\u0323ng s\u01b0\u0303a r\u01b0\u0309a m\u0103\u0323t v\u01b0\u0300a \u0111u\u0309 ra lo\u0300ng ba\u0300n tay c\u00f9ng m\u1ed9t ch\u00fat n\u01b0\u1edbc, \u0111\u00e1nh b\u1ecdt b\u00f4ng m\u1ecbn va\u0300 massage nhe\u0323 nha\u0300ng theo chuy\u00ea\u0309n \u0111\u00f4\u0323ng tro\u0300n.<\/li>\n<li>R\u01b0\u0309a sa\u0323ch l\u1ea1i v\u01a1\u0301i n\u01b0\u01a1\u0301c.<\/li>\n<li>N\u00ean S\u1eed d\u1ee5ng 2 l\u1ea7n\/ng\u00e0y<\/li>\n<\/ul>\n","protected":false},"excerpt":{"rendered":"<ul>\n<li>S\u1eed d\u1ee5ng cho da d\u1ea7u,nh\u1ea1y c\u1ea3m<\/li>\n<li>R\u1eeda s\u1ea1ch d\u1ecbu nh\u1eb9,m\u1ec1m m\u1ea1i v\u00f4 c\u00f9ng<\/li>\n<li>T\u1ea1o b\u1ecdt nh\u1eb9 nh\u00e0ng,kh\u00f4ng g\u00e2y kh\u00f4 da<\/li>\n<li>Dung t\u00edch:400ml<\/li>\n<\/ul>\n","protected":false},"featured_media":18960,"comment_status":"open","ping_status":"closed","template":"","meta":[],"product_brand":[],"product_cat":[1382,1416],"product_tag":[1747,1776,1777,1778,1779],"class_list":{"0":"post-20261","1":"product","2":"type-product","3":"status-publish","4":"has-post-thumbnail","6":"product_cat-skincare","7":"product_cat-facial-cleansers","8":"product_tag-da-dau-en","9":"product_tag-da-hon-hop-en","10":"product_tag-dau-en","11":"product_tag-la-roche-posay-gel-en","12":"product_tag-mun-en","13":"pa_thuong-hieu-la-roche-posay","15":"first","16":"onbackorder","17":"sale","18":"shipping-taxable","19":"purchasable","20":"product-type-simple"},"_links":{"self":[{"href":"https:\/\/thcare.vn\/en\/wp-json\/wp\/v2\/product\/20261","targetHints":{"allow":["GET"]}}],"collection":[{"href":"https:\/\/thcare.vn\/en\/wp-json\/wp\/v2\/product"}],"about":[{"href":"https:\/\/thcare.vn\/en\/wp-json\/wp\/v2\/types\/product"}],"replies":[{"embeddable":true,"href":"https:\/\/thcare.vn\/en\/wp-json\/wp\/v2\/comments?post=20261"}],"wp:featuredmedia":[{"embeddable":true,"href":"https:\/\/thcare.vn\/en\/wp-json\/wp\/v2\/media\/18960"}],"wp:attachment":[{"href":"https:\/\/thcare.vn\/en\/wp-json\/wp\/v2\/media?parent=20261"}],"wp:term":[{"taxonomy":"product_brand","embeddable":true,"href":"https:\/\/thcare.vn\/en\/wp-json\/wp\/v2\/product_brand?post=20261"},{"taxonomy":"product_cat","embeddable":true,"href":"https:\/\/thcare.vn\/en\/wp-json\/wp\/v2\/product_cat?post=20261"},{"taxonomy":"product_tag","embeddable":true,"href":"https:\/\/thcare.vn\/en\/wp-json\/wp\/v2\/product_tag?post=20261"}],"curies":[{"name":"wp","href":"https:\/\/api.w.org\/{rel}","templated":true}]}}