{"id":20274,"date":"2021-09-28T10:13:13","date_gmt":"2021-09-28T03:13:13","guid":{"rendered":"https:\/\/thcare.vn\/san-pham\/tay-trang-garnier-micellar-cleansing-water-in-oil\/"},"modified":"2021-10-14T13:56:28","modified_gmt":"2021-10-14T06:56:28","slug":"tay-trang-garnier-micellar-cleansing-water-in-oil","status":"publish","type":"product","link":"https:\/\/thcare.vn\/en\/san-pham\/tay-trang-garnier-micellar-cleansing-water-in-oil\/","title":{"rendered":"Garnier Micellar Cleansing Water In Oil"},"content":{"rendered":"<p><strong>Garnier Micellar Cleansing Water In Oil An efficient, easy to use product that cleanses the skin and remove all types of make-up, including waterproof and long-lasting. It is suitable for all skin types, even sensitive.\u00a0<\/strong><\/p>\n<figure id=\"attachment_18502\" aria-describedby=\"caption-attachment-18502\" style=\"width: 438px\" class=\"wp-caption aligncenter\"><img loading=\"lazy\" decoding=\"async\" class=\"size-medium wp-image-18503\" src=\"https:\/\/thcare.vn\/wp-content\/uploads\/2021\/09\/Nuoc-tay-trang-Garnier-Skin-Active-Oil-Infused-Micellar-phu-hop-voi-moi-loai-da-dac-biet-la-da-kho-438x400.jpg\" alt=\"N\u01b0\u1edbc T\u1ea9y Trang Garnier Skin Active Oil Infused Micellar Ph\u00f9 H\u1ee3p V\u1edbi M\u1ecdi Loai Da \u0111\u1eb7c Bi\u1ec7t L\u00e0 Da Kh\u00f4\" width=\"438\" height=\"400\" srcset=\"https:\/\/thcare.vn\/wp-content\/uploads\/2021\/09\/Nuoc-tay-trang-Garnier-Skin-Active-Oil-Infused-Micellar-phu-hop-voi-moi-loai-da-dac-biet-la-da-kho-438x400.jpg 438w, https:\/\/thcare.vn\/wp-content\/uploads\/2021\/09\/Nuoc-tay-trang-Garnier-Skin-Active-Oil-Infused-Micellar-phu-hop-voi-moi-loai-da-dac-biet-la-da-kho-300x274.jpg 300w, https:\/\/thcare.vn\/wp-content\/uploads\/2021\/09\/Nuoc-tay-trang-Garnier-Skin-Active-Oil-Infused-Micellar-phu-hop-voi-moi-loai-da-dac-biet-la-da-kho-510x466.jpg 510w, https:\/\/thcare.vn\/wp-content\/uploads\/2021\/09\/Nuoc-tay-trang-Garnier-Skin-Active-Oil-Infused-Micellar-phu-hop-voi-moi-loai-da-dac-biet-la-da-kho.jpg 700w\" sizes=\"auto, (max-width: 438px) 100vw, 438px\" \/><figcaption id=\"caption-attachment-18502\" class=\"wp-caption-text\">N\u01b0\u1edbc T\u1ea9y Trang Garnier Skin Active Oil Infused Micellar ph\u00f9 h\u1ee3p v\u1edbi m\u1ecdi lo\u1ea1i da \u0111\u1eb7c bi\u1ec7t l\u00e0 Da Kh\u00f4<\/figcaption><\/figure>\n<p>Garnier Micellar Cleansing Water in Oil is an efficient, easy to use product that cleanses the skin and remove all types of make-up, including waterproof and long-lasting. It is suitable for all skin types, even sensitive.<\/p>\n<h2><strong>Th\u00e0nh ph\u1ea7n s\u1ea3n ph\u1ea9m<\/strong><\/h2>\n<ul>\n<li>Lycerin: Gi\u00fap cung c\u1ea5p \u0111\u1ed9 \u1ea9m cho da, gi\u00fap da tr\u1edf n\u00ean m\u1ec1m m\u1ecbn sau khi t\u1ea9y trang.<\/li>\n<li>Hexylene Glycol: gi\u00fap nu\u00f4i d\u01b0\u1ee1ng cho l\u00e0n da sau khi l\u00e0m s\u1ea1ch.<\/li>\n<li>Th\u00e0nh ph\u1ea7n kh\u00e1c : Water\/Aqua, Polyminopropyl Biguanide, Sodium Chloride.<\/li>\n<\/ul>\n<h2><strong>C\u00f4ng d\u1ee5ng c\u1ee7a s\u1ea3n ph\u1ea9m<\/strong><\/h2>\n<ul>\n<li>L\u00e0m s\u1ea1ch s\u00e2u khu\u00f4n m\u1eb7t, kh\u00f4ng g\u00e2y k\u00edch \u1ee9ng hay n\u1ed5i m\u1ee5n .V\u1edbi c\u00f4ng th\u1ee9c kh\u00f4ng d\u00ednh,kh\u00f4ng nh\u1eddn sau khi t\u1ea9y trang n\u00ean b\u1ea1n c\u00f3 th\u1ec3 kh\u00f4ng c\u1ea7n r\u1eeda l\u1ea1i v\u1edbi n\u01b0\u1edbc.<\/li>\n<li>Th\u00e0nh ph\u1ea7n n\u1ed5i b\u1eadt l\u00e0 d\u1ea7u Argan n\u00ean kh\u00f4ng g\u00e2y kh\u00f4 da sau khi t\u1ea9y trang th\u1eadm ch\u00ed c\u00f2n l\u00e0m m\u1ec1m v\u00e0 nu\u00f4i d\u01b0\u1ee1ng l\u00e0n da.<\/li>\n<li>Kh\u1ea3 n\u0103ng lo\u1ea1i b\u1ecf nhanh ch\u00f3ng \u00a0l\u1edbp trang \u0111i\u1ec3m n\u1eb7ng, c\u1ee9ng \u0111\u1ea7u, b\u1ee5i b\u1ea9n tr\u00ean da m\u1ed9t c\u00e1ch d\u1ec5 d\u00e0ng m\u00e0 b\u00ecnh th\u01b0\u1eddng c\u00e1c dung d\u1ecbch n\u01b0\u1edbc r\u1ea5t kh\u00f3 c\u00f3 th\u1ec3 l\u00e0m s\u1ea1ch.<\/li>\n<\/ul>\n<div class=\"product-detail__header-reviews-wrapper\">\n<div data-initial_product_tagging=\"{&quot;event&quot;:&quot;nievent&quot;,&quot;ecommerce&quot;:{&quot;detail&quot;:{&quot;actionField&quot;:{&quot;currencyCode&quot;:&quot;INR&quot;},&quot;products&quot;:[{&quot;name&quot;:&quot;micellar oil infused cleansing water&quot;,&quot;id&quot;:&quot;6902395501992&quot;,&quot;price&quot;:&quot;225&quot;,&quot;brand&quot;:&quot;GAR&quot;,&quot;category&quot;:&quot;skin care\/face-cleansing&quot;,&quot;dimension35&quot;:&quot;125ml&quot;,&quot;dimension38&quot;:&quot;0&quot;,&quot;dimension48&quot;:&quot;6902395501992&quot;,&quot;dimension49&quot;:&quot;not present&quot;,&quot;dimension59&quot;:&quot;0&quot;,&quot;dimension91&quot;:&quot;none&quot;}]}},&quot;eventCategory&quot;:&quot;Ecommerce&quot;,&quot;eventAction&quot;:&quot;Product Detail&quot;,&quot;eventLabel&quot;:&quot;Micellar Oil Infused Cleansing Water::6902395501992&quot;}\">\n<figure id=\"attachment_18547\" aria-describedby=\"caption-attachment-18547\" style=\"width: 340px\" class=\"wp-caption aligncenter\"><img loading=\"lazy\" decoding=\"async\" class=\"size-full wp-image-18548\" src=\"https:\/\/thcare.vn\/wp-content\/uploads\/2021\/09\/Tay-trang-Garniervang-giup-lan-da-ban-sach-sau.jpg\" alt=\"T\u1ea9y Trang Garnier(v\u00e0ng) Gi\u00fap L\u00e0n Da B\u1ea1n S\u1ea1ch S\u00e2u\" width=\"340\" height=\"340\" srcset=\"https:\/\/thcare.vn\/wp-content\/uploads\/2021\/09\/Tay-trang-Garniervang-giup-lan-da-ban-sach-sau.jpg 340w, https:\/\/thcare.vn\/wp-content\/uploads\/2021\/09\/Tay-trang-Garniervang-giup-lan-da-ban-sach-sau-300x300.jpg 300w, https:\/\/thcare.vn\/wp-content\/uploads\/2021\/09\/Tay-trang-Garniervang-giup-lan-da-ban-sach-sau-100x100.jpg 100w, https:\/\/thcare.vn\/wp-content\/uploads\/2021\/09\/Tay-trang-Garniervang-giup-lan-da-ban-sach-sau-280x280.jpg 280w\" sizes=\"auto, (max-width: 340px) 100vw, 340px\" \/><figcaption id=\"caption-attachment-18547\" class=\"wp-caption-text\">T\u1ea9y Trang Garnier(v\u00e0ng) gi\u00fap L\u00e0n Da B\u1ea1n S\u1ea1ch S\u00e2u<\/figcaption><\/figure>\n<h2><strong>C\u00e1ch s\u1eed d\u1ee5ng s\u1ea3n ph\u1ea9m<\/strong><\/h2>\n<ul>\n<li>T\u1ea9y trang k\u1ebft c\u1ea5u g\u1ed3m 2 ph\u1ea7n t\u00e1ch bi\u1ec7t d\u1ea7u v\u00e0 n\u01b0\u1edbc .N\u00ean khi s\u1eed d\u1ee5ng b\u1ea1n l\u1eafc \u0111\u1ec1u \u0111\u1ec3 d\u1ea7u v\u00e0 n\u01b0\u1edbc \u0111\u01b0\u1ee3c h\u00f2a quy\u1ec7n.Sau \u0111\u00f3 b\u1ea1n th\u1ea5m 1 l\u01b0\u1ee3ng v\u1eeba \u0111\u1ee7 l\u00ean b\u00f4ng t\u1ea9y trang chuy\u00ean d\u1ee5ng.<\/li>\n<li>Ti\u1ebfp \u0111\u00f3,b\u1ea1n nh\u1eb9 nh\u00e0ng l\u00e0m s\u1ea1ch m\u1eb7t, \u0111\u1eb7c bi\u1ec7t l\u00e0 2 b\u00ean v\u00f9ng c\u00e1nh m\u0169i theo chi\u1ec1u t\u1eeb trong ra ngo\u00e0i v\u00e0 t\u1eeb d\u01b0\u1edbi l\u00ean tr\u00ean . \u0110\u1ed1i v\u1edbi v\u00f9ng m\u1eaft b\u1ea1n gi\u1eef mi\u1ebfng b\u00f4ng kho\u1ea3ng 7-10 gi\u00e2y sau \u0111\u00f3 lau s\u1ea1ch.<\/li>\n<li>Qu\u00e1 tr\u00ecnh tr\u00ean b\u1ea1n c\u00f3 th\u1ec3 l\u1eb7p \u0111i l\u1eb7p l\u1ea1i cho \u0111\u1ebfn khi mi\u1ebfng b\u00f4ng trang \u0111i\u1ec3m kh\u00f4ng d\u00ednh b\u1ee5i b\u1ea9n.<\/li>\n<\/ul>\n<\/div>\n<\/div>\n","protected":false},"excerpt":{"rendered":"<ul>\n<li>Th\u01b0\u01a1ng hi\u1ec7u: Garnier<\/li>\n<li>Xu\u1ea5t x\u1ee9: Ph\u00e1p<\/li>\n<li>Quy c\u00e1ch: 400ml<\/li>\n<li>D\u00e0nh cho da th\u01b0\u1eddng &amp; da kh\u00f4<\/li>\n<li>L\u00e0m s\u1ea1ch s\u00e2u,d\u1ecbu nh\u1eb9,m\u1ec1m m\u1ecbn m\u00e0 kh\u00f4ng kh\u00f4 da<\/li>\n<\/ul>\n","protected":false},"featured_media":18946,"comment_status":"open","ping_status":"closed","template":"","meta":[],"product_brand":[],"product_cat":[1382,1414],"product_tag":[1773,1784,1785,1786],"class_list":{"0":"post-20274","1":"product","2":"type-product","3":"status-publish","4":"has-post-thumbnail","6":"product_cat-skincare","7":"product_cat-cleansing","8":"product_tag-da-kho-en","9":"product_tag-garnier-en","10":"product_tag-micellar-cleansing-water-in-oil-en","11":"product_tag-tay-trang-garnier-en","13":"first","14":"onbackorder","15":"sale","16":"shipping-taxable","17":"purchasable","18":"product-type-simple"},"_links":{"self":[{"href":"https:\/\/thcare.vn\/en\/wp-json\/wp\/v2\/product\/20274","targetHints":{"allow":["GET"]}}],"collection":[{"href":"https:\/\/thcare.vn\/en\/wp-json\/wp\/v2\/product"}],"about":[{"href":"https:\/\/thcare.vn\/en\/wp-json\/wp\/v2\/types\/product"}],"replies":[{"embeddable":true,"href":"https:\/\/thcare.vn\/en\/wp-json\/wp\/v2\/comments?post=20274"}],"wp:featuredmedia":[{"embeddable":true,"href":"https:\/\/thcare.vn\/en\/wp-json\/wp\/v2\/media\/18946"}],"wp:attachment":[{"href":"https:\/\/thcare.vn\/en\/wp-json\/wp\/v2\/media?parent=20274"}],"wp:term":[{"taxonomy":"product_brand","embeddable":true,"href":"https:\/\/thcare.vn\/en\/wp-json\/wp\/v2\/product_brand?post=20274"},{"taxonomy":"product_cat","embeddable":true,"href":"https:\/\/thcare.vn\/en\/wp-json\/wp\/v2\/product_cat?post=20274"},{"taxonomy":"product_tag","embeddable":true,"href":"https:\/\/thcare.vn\/en\/wp-json\/wp\/v2\/product_tag?post=20274"}],"curies":[{"name":"wp","href":"https:\/\/api.w.org\/{rel}","templated":true}]}}