{"id":20294,"date":"2021-09-28T10:49:24","date_gmt":"2021-09-28T03:49:24","guid":{"rendered":"https:\/\/thcare.vn\/san-pham\/nuoc-tay-trang-laroche-posay-eau-micellaire-ultra-mau-xanh-bien\/"},"modified":"2021-10-14T14:32:37","modified_gmt":"2021-10-14T07:32:37","slug":"nuoc-tay-trang-laroche-posay-eau-micellaire-ultra-mau-xanh-bien","status":"publish","type":"product","link":"https:\/\/thcare.vn\/en\/san-pham\/nuoc-tay-trang-laroche-posay-eau-micellaire-ultra-mau-xanh-bien\/","title":{"rendered":"Laroche &#8211; Posay Eau Micellaire Ultra"},"content":{"rendered":"<p><strong>This Laroche &#8211; Posay Eau Micellaire Ultra is a no-rinse cleanser that cleanses down to microscopic pollution particles. Dirt-encapsulating micelles in the formula attract dirt, oil, and makeup, making it easy to gently wipe them away.<\/strong><\/p>\n<figure id=\"attachment_18557\" aria-describedby=\"caption-attachment-18557\" style=\"width: 605px\" class=\"wp-caption aligncenter\"><img loading=\"lazy\" decoding=\"async\" class=\"size-medium wp-image-18558\" src=\"https:\/\/thcare.vn\/wp-content\/uploads\/2021\/09\/Laroche-Posay-Eau-Micellaire-Ultra-tay-trang-va-lam-sach-chi-trong-mot-buoc-605x400.jpg\" alt=\"Laroche Posay Eau Micellaire Ultra T\u1ea9y Trang V\u00e0 L\u00e0m S\u1ea1ch Ch\u1ec9 Trong M\u1ed9t B\u01b0\u1edbc\" width=\"605\" height=\"400\" srcset=\"https:\/\/thcare.vn\/wp-content\/uploads\/2021\/09\/Laroche-Posay-Eau-Micellaire-Ultra-tay-trang-va-lam-sach-chi-trong-mot-buoc-605x400.jpg 605w, https:\/\/thcare.vn\/wp-content\/uploads\/2021\/09\/Laroche-Posay-Eau-Micellaire-Ultra-tay-trang-va-lam-sach-chi-trong-mot-buoc-300x198.jpg 300w, https:\/\/thcare.vn\/wp-content\/uploads\/2021\/09\/Laroche-Posay-Eau-Micellaire-Ultra-tay-trang-va-lam-sach-chi-trong-mot-buoc-510x337.jpg 510w, https:\/\/thcare.vn\/wp-content\/uploads\/2021\/09\/Laroche-Posay-Eau-Micellaire-Ultra-tay-trang-va-lam-sach-chi-trong-mot-buoc-768x507.jpg 768w, https:\/\/thcare.vn\/wp-content\/uploads\/2021\/09\/Laroche-Posay-Eau-Micellaire-Ultra-tay-trang-va-lam-sach-chi-trong-mot-buoc.jpg 896w\" sizes=\"auto, (max-width: 605px) 100vw, 605px\" \/><figcaption id=\"caption-attachment-18557\" class=\"wp-caption-text\">Laroche Posay Eau Micellaire Ultra T\u1ea9y Trang V\u00e0 L\u00e0m S\u1ea1ch Ch\u1ec9 Trong M\u1ed9t B\u01b0\u1edbc<\/figcaption><\/figure>\n<h2><strong>Th\u00e0nh ph\u1ea7n v\u00e0 c\u00f4ng d\u1ee5ng<\/strong><\/h2>\n<ul>\n<li>N\u01b0\u1edbc T\u1ea9y trang Laroche &#8211; Posay Eau Micellaire Ultra ch\u1ee9a nh\u1eefng h\u1ea1t micelle c\u00f9ng c\u00f4ng ngh\u1ec7 c\u1ea3i ti\u1ebfn Glyco Micellar gi\u00fap \u0111\u1ea9y m\u1ea1nh kh\u1ea3 n\u0103ng l\u00e0m s\u1ea1ch 99% l\u1edbp trang \u0111i\u1ec3m, mang \u0111\u1ebfn cho b\u1ea1n l\u00e0m da s\u1ea1ch s\u1ebd, m\u1ecbn m\u00e0ng.<\/li>\n<li>Zinc PCA l\u00e0 mu\u1ed1i t\u1eeb k\u1ebdm v\u00e0 L-PCA (Pyrrolidone Carboxylic Acid). K\u1ebdm gi\u00fap b\u00ecnh th\u01b0\u1eddng ho\u00e1 qu\u00e1 tr\u00ecnh b\u00e0i ti\u1ebft b\u00e3 nh\u1eddn v\u00e0 h\u1ea1n ch\u1ebf s\u1ef1 gia t\u0103ng c\u1ee7a vi khu\u1ea9n g\u00e2y m\u1ee5n tr\u1ee9ng c\u00e1.<\/li>\n<li>S\u1ea3n ph\u1ea9m kh\u00f4ng ch\u1ee9a paraben, kh\u00f4ng ch\u1ea5t t\u1ea1o m\u00e0u, kh\u00f4ng c\u1ed3n v\u00e0 x\u00e0 ph\u00f2ng, an to\u00e0n khi s\u1eed d\u1ee5ng h\u00e0ng ng\u00e0y.<\/li>\n<li>S\u1ea3n ph\u1ea9m c\u00f3 k\u1ebft c\u1ea5u d\u1ea1ng n\u01b0\u1edbc mang l\u1ea1i cho b\u1ea1n l\u00e0n da s\u1ea1ch v\u00e0 \u0111\u01b0\u1ee3c d\u01b0\u1ee1ng \u1ea9m m\u00e0 kh\u00f4ng h\u1ec1 nh\u1eddn d\u00ednh hay kh\u00f4 c\u0103ng.<\/li>\n<\/ul>\n<figure id=\"attachment_18559\" aria-describedby=\"caption-attachment-18559\" style=\"width: 367px\" class=\"wp-caption aligncenter\"><img loading=\"lazy\" decoding=\"async\" class=\"size-medium wp-image-18560\" src=\"https:\/\/thcare.vn\/wp-content\/uploads\/2021\/09\/Tay-trang-Laroche-Posay-Eau-Micellaire-Ultra-giup-da-ban-tro-nen-sach-min-367x400.jpg\" alt=\"T\u1ea9y Trang Laroche Posay Eau Micellaire Ultra Gi\u00fap Da B\u1ea1n Tr\u1edf N\u00ean S\u1ea1ch M\u1ecbn\" width=\"367\" height=\"400\" srcset=\"https:\/\/thcare.vn\/wp-content\/uploads\/2021\/09\/Tay-trang-Laroche-Posay-Eau-Micellaire-Ultra-giup-da-ban-tro-nen-sach-min-367x400.jpg 367w, https:\/\/thcare.vn\/wp-content\/uploads\/2021\/09\/Tay-trang-Laroche-Posay-Eau-Micellaire-Ultra-giup-da-ban-tro-nen-sach-min-300x327.jpg 300w, https:\/\/thcare.vn\/wp-content\/uploads\/2021\/09\/Tay-trang-Laroche-Posay-Eau-Micellaire-Ultra-giup-da-ban-tro-nen-sach-min-510x556.jpg 510w, https:\/\/thcare.vn\/wp-content\/uploads\/2021\/09\/Tay-trang-Laroche-Posay-Eau-Micellaire-Ultra-giup-da-ban-tro-nen-sach-min-734x800.jpg 734w, https:\/\/thcare.vn\/wp-content\/uploads\/2021\/09\/Tay-trang-Laroche-Posay-Eau-Micellaire-Ultra-giup-da-ban-tro-nen-sach-min-768x837.jpg 768w, https:\/\/thcare.vn\/wp-content\/uploads\/2021\/09\/Tay-trang-Laroche-Posay-Eau-Micellaire-Ultra-giup-da-ban-tro-nen-sach-min.jpg 896w\" sizes=\"auto, (max-width: 367px) 100vw, 367px\" \/><figcaption id=\"caption-attachment-18559\" class=\"wp-caption-text\">T\u1ea9y Trang Laroche Posay\u00a0 Gi\u00fap Da B\u1ea1n Tr\u1edf N\u00ean S\u1ea1ch M\u1ecbn<\/figcaption><\/figure>\n<h2><strong>\u0110\u1ed1i t\u01b0\u1ee3ng s\u1eed d\u1ee5ng<\/strong><\/h2>\n<ul>\n<li>D\u00e0nh cho da d\u1ea7u v\u00e0 h\u1ed7n h\u1ee3p thi\u00ean d\u1ea7u, k\u1ec3 c\u1ea3 da m\u1ee5n v\u00e0 da nh\u1ea1y c\u1ea3m.<\/li>\n<li>Nh\u1eefng l\u00e0n da c\u00f3 tuy\u1ebfn nh\u1eddn ho\u1ea1t \u0111\u1ed9ng nhi\u1ec1u.<\/li>\n<li>L\u00e0n da c\u00f3 m\u1ee5n s\u01b0ng vi\u00eam.<\/li>\n<\/ul>\n<h2><strong>H\u01b0\u1edbng d\u1eabn s\u1eed d\u1ee5ng<\/strong><\/h2>\n<ul>\n<li>S\u1eed d\u1ee5ng 4-5 gi\u1ecdt T\u1ea9y Trang Laroche Posay\u00a0l\u00ean b\u00f4ng t\u1ea9y trang chuy\u00ean d\u1ee5ng.<\/li>\n<li>Ti\u1ebfp \u0111\u00f3,b\u1ea1n nh\u1eb9 nh\u00e0ng l\u00e0m s\u1ea1ch v\u00f9ng m\u1eb7t v\u00e0 m\u1eaft, \u0111\u1eb7c bi\u1ec7t l\u00e0 2 b\u00ean v\u00f9ng c\u00e1nh m\u0169i. Qu\u00e1 tr\u00ecnh tr\u00ean b\u1ea1n c\u00f3 th\u1ec3 l\u1eb7p \u0111i l\u1eb7p l\u1ea1i cho \u0111\u1ebfn khi mi\u1ebfng b\u00f4ng trang \u0111i\u1ec3m kh\u00f4ng b\u1ecb b\u1ea9n v\u00e0 da m\u1eb7t c\u1ee7a b\u1ea1n \u0111\u00e3 tr\u1edf n\u00ean tho\u00e1ng m\u00e1t h\u01a1n.<\/li>\n<\/ul>\n","protected":false},"excerpt":{"rendered":"<ul>\n<li>L\u00e0m s\u1ea1ch s\u00e2u cho da, l\u1ea5y \u0111i b\u1ee5i b\u1ea9n d\u1ea7u th\u1eeba.<\/li>\n<li>H\u1ea1n ch\u1ebf vi khu\u1ea9n g\u00e2y m\u1ee5n.<\/li>\n<li>D\u00e0nh cho da d\u1ea7u, da m\u1ee5n &amp; h\u1ed7n h\u1ee3p thi\u00ean d\u1ea7u.<\/li>\n<li>Dung t\u00edch:400ml.<\/li>\n<\/ul>\n<p>&nbsp;<\/p>\n","protected":false},"featured_media":18951,"comment_status":"open","ping_status":"closed","template":"","meta":[],"product_brand":[],"product_cat":[1382,1414],"product_tag":[1747,1807,1808,1809,1810,1811],"class_list":{"0":"post-20294","1":"product","2":"type-product","3":"status-publish","4":"has-post-thumbnail","6":"product_cat-skincare","7":"product_cat-cleansing","8":"product_tag-da-dau-en","9":"product_tag-da-mun-en","10":"product_tag-da-nhay-cam-en","11":"product_tag-posay-eau-micellaire-ultra-en","12":"product_tag-tay-trang-en","13":"product_tag-tay-trang-laroche-posay-en","14":"pa_thuong-hieu-la-roche-posay","16":"first","17":"onbackorder","18":"sale","19":"shipping-taxable","20":"purchasable","21":"product-type-simple"},"_links":{"self":[{"href":"https:\/\/thcare.vn\/en\/wp-json\/wp\/v2\/product\/20294","targetHints":{"allow":["GET"]}}],"collection":[{"href":"https:\/\/thcare.vn\/en\/wp-json\/wp\/v2\/product"}],"about":[{"href":"https:\/\/thcare.vn\/en\/wp-json\/wp\/v2\/types\/product"}],"replies":[{"embeddable":true,"href":"https:\/\/thcare.vn\/en\/wp-json\/wp\/v2\/comments?post=20294"}],"wp:featuredmedia":[{"embeddable":true,"href":"https:\/\/thcare.vn\/en\/wp-json\/wp\/v2\/media\/18951"}],"wp:attachment":[{"href":"https:\/\/thcare.vn\/en\/wp-json\/wp\/v2\/media?parent=20294"}],"wp:term":[{"taxonomy":"product_brand","embeddable":true,"href":"https:\/\/thcare.vn\/en\/wp-json\/wp\/v2\/product_brand?post=20294"},{"taxonomy":"product_cat","embeddable":true,"href":"https:\/\/thcare.vn\/en\/wp-json\/wp\/v2\/product_cat?post=20294"},{"taxonomy":"product_tag","embeddable":true,"href":"https:\/\/thcare.vn\/en\/wp-json\/wp\/v2\/product_tag?post=20294"}],"curies":[{"name":"wp","href":"https:\/\/api.w.org\/{rel}","templated":true}]}}