{"id":20526,"date":"2021-10-17T14:16:40","date_gmt":"2021-10-17T07:16:40","guid":{"rendered":"https:\/\/thcare.vn\/san-pham\/dau-xa-suon-muot-moroccanoil-smoothing-conditioner\/"},"modified":"2021-10-17T21:22:19","modified_gmt":"2021-10-17T14:22:19","slug":"moroccanoil-smoothing-conditioner","status":"publish","type":"product","link":"https:\/\/thcare.vn\/en\/san-pham\/moroccanoil-smoothing-conditioner\/","title":{"rendered":"Moroccanoil Smoothing Conditioner"},"content":{"rendered":"<p><strong>Moroccanoil Smoothing Conditioner Reveal less frizzy, more manageable hair. It features nourishing argan oil and our AminoRenew ingredient to help realign hair\u2019s keratin structure. When used with Moroccanoil Smoothing Shampoo, results can last up to 72 hours. Sulfate, phosphate, and paraben-free.\u00a0<\/strong><\/p>\n<h2><strong>C\u00f4ng d\u1ee5ng c\u1ee7a s\u1ea3n ph\u1ea9m<\/strong><\/h2>\n<ul>\n<li>D\u01b0\u1ee1ng \u1ea9m v\u00e0 ch\u1ed1ng r\u1ed1i nh\u1eb9 nh\u00e0ng, gi\u00fap ch\u1ebf ng\u1ef1 v\u00e0 l\u00e0m su\u00f4n m\u01b0\u1ee3t t\u00f3c r\u1ed1i v\u00e0 kh\u00f3 v\u00e0o n\u1ebfp.<\/li>\n<li>Ph\u1ee5c h\u1ed3i axit amin b\u1ecb m\u1ea5t cho t\u00f3c ch\u1eafc kh\u1ecfe v\u00e0 l\u00e0m th\u1eb3ng c\u1ea5u tr\u00fac keratin t\u1ef1 nhi\u00ean c\u1ee7a t\u00f3c.<\/li>\n<li>C\u00e1c s\u1ee3i t\u00f3c \u0111\u01b0\u1ee3c nu\u00f4i d\u01b0\u1ee1ng ngay l\u1eadp t\u1ee9c v\u1edbi d\u1ea7u argan v\u00e0 b\u01a1 argan, \u0111\u1ec3 l\u1ea1i cho b\u1ea1n m\u1ed9t m\u00e1i t\u00f3c kh\u1ecfe m\u1ea1nh, d\u1ec5 ch\u1ea3i v\u00e0 m\u1ec1m m\u01b0\u1ee3t.<\/li>\n<\/ul>\n<figure id=\"attachment_20523\" aria-describedby=\"caption-attachment-20523\" style=\"width: 1020px\" class=\"wp-caption aligncenter\"><img loading=\"lazy\" decoding=\"async\" class=\"size-large wp-image-20524\" src=\"https:\/\/thcare.vn\/wp-content\/uploads\/2021\/10\/Tron-bo-Moroccanoil-1027x800.jpg\" alt=\"Tr\u1ecdn B\u1ed9 Moroccanoil\" width=\"1020\" height=\"795\" srcset=\"https:\/\/thcare.vn\/wp-content\/uploads\/2021\/10\/Tron-bo-Moroccanoil-1027x800.jpg 1027w, https:\/\/thcare.vn\/wp-content\/uploads\/2021\/10\/Tron-bo-Moroccanoil-514x400.jpg 514w, https:\/\/thcare.vn\/wp-content\/uploads\/2021\/10\/Tron-bo-Moroccanoil-768x598.jpg 768w, https:\/\/thcare.vn\/wp-content\/uploads\/2021\/10\/Tron-bo-Moroccanoil-300x234.jpg 300w, https:\/\/thcare.vn\/wp-content\/uploads\/2021\/10\/Tron-bo-Moroccanoil-510x397.jpg 510w, https:\/\/thcare.vn\/wp-content\/uploads\/2021\/10\/Tron-bo-Moroccanoil.jpg 1500w\" sizes=\"auto, (max-width: 1020px) 100vw, 1020px\" \/><figcaption id=\"caption-attachment-20523\" class=\"wp-caption-text\">Tr\u1ecdn B\u1ed9 Moroccanoil<\/figcaption><\/figure>\n<h2><strong>Th\u00e0nh ph\u1ea7n ch\u00ednh c\u1ee7a s\u1ea3n ph\u1ea9m<\/strong><\/h2>\n<ul>\n<li><strong>AminoRenew:<\/strong> Gi\u00fap s\u1eeda ch\u1eefa v\u00e0 ph\u1ee5c h\u1ed3i c\u1ea5u tr\u00fac b\u1ecb m\u1ea5t cho t\u00f3c ch\u1eafc kh\u1ecfe.<\/li>\n<li><strong>Argan Oil<\/strong>: Gi\u00e0u Vitamin E, axit b\u00e9o thi\u1ebft y\u1ebfu v\u00e0 ch\u1ea5t ch\u1ed1ng oxy h\u00f3a, lo\u1ea1i d\u1ea7u t\u1ef1 nhi\u00ean n\u00e0y gi\u00fap nu\u00f4i d\u01b0\u1ee1ng t\u00f3c m\u1ec1m m\u01b0\u1ee3t.<\/li>\n<li><strong>Argan Butter<\/strong>: M\u1ed9t ch\u1ea5t l\u00e0m m\u1ec1m v\u00e0 d\u01b0\u1ee1ng t\u1ef1 nhi\u00ean \u0111\u01b0\u1ee3c pha tr\u1ed9n t\u1eeb d\u1ea7u argan. \u0110\u01b0\u1ee3c \u0111\u00e1nh gi\u00e1 cao nh\u1edd h\u00e0m l\u01b0\u1ee3ng tocopherol t\u1ef1 nhi\u00ean (Vitamin E), phenol, carotenes v\u00e0 c\u00e1c axit b\u00e9o thi\u1ebft y\u1ebfu, gi\u00fap t\u00f3c m\u1ec1m m\u1ea1i, \u0111\u01b0\u1ee3c nu\u00f4i d\u01b0\u1ee1ng v\u00e0 s\u00e1ng b\u00f3ng.<\/li>\n<li><strong>Glycerin<\/strong>: Ch\u1ea5t gi\u1eef \u1ea9m t\u1ef1 nhi\u00ean, cung c\u1ea5p l\u1ee3i \u00edch d\u01b0\u1ee1ng \u1ea9m cho t\u00f3c.<\/li>\n<\/ul>\n<h2><strong>H\u01b0\u1edbng d\u1eabn s\u1eed d\u1ee5ng s\u1ea3n ph\u1ea9m<\/strong><\/h2>\n<ol>\n<li>Sau khi g\u1ed9i, h\u00e3y nh\u1eb9 nh\u00e0ng v\u1eaft s\u1ea1ch n\u01b0\u1edbc th\u1eeba kh\u1ecfi t\u00f3c r\u1ed3i thoa d\u1ea7u x\u1ea3 su\u00f4n m\u01b0\u1ee3t Moroccanoil Smoothing Conditioner t\u1eeb gi\u1eefa th\u00e2n t\u00f3c \u0111\u1ebfn ng\u1ecdn t\u00f3c.<\/li>\n<li>\u0110\u1ec3 trong v\u00f2ng 1-2 ph\u00fat r\u1ed3i x\u1ea3 k\u1ef9.<\/li>\n<li>D\u00f9ng th\u01b0\u1eddng xuy\u00ean v\u1edbi d\u1ea7u g\u1ed9i su\u00f4n m\u01b0\u1ee3t Moroccanoil Smoothing Shampoo \u0111\u1ec3 c\u00f3 k\u1ebft qu\u1ea3 t\u1ed1t nh\u1ea5t.<\/li>\n<\/ol>\n<p>&nbsp;<\/p>\n","protected":false},"excerpt":{"rendered":"<ul>\n<li>D\u01b0\u1ee1ng \u1ea9m cho t\u00f3c su\u00f4n m\u01b0\u1ee3t.<\/li>\n<li>Ph\u1ee5c h\u1ed3i axit amin b\u1ecb m\u1ea5t cho t\u00f3c ch\u1eafc kh\u1ecfe.<\/li>\n<li>D\u1ea7u argan v\u00e0 b\u01a1 argan gi\u00e0u ch\u1ea5t ch\u1ed1ng oxy h\u00f3a cho t\u00f3c m\u1ec1m m\u1ea1i<\/li>\n<li>Dung t\u00edch: 250ml<\/li>\n<\/ul>\n","protected":false},"featured_media":20487,"comment_status":"open","ping_status":"closed","template":"","meta":[],"product_brand":[],"product_cat":[1683,1754],"product_tag":[1891,1892,1893,1894,1895,1869,1896],"class_list":{"0":"post-20526","1":"product","2":"type-product","3":"status-publish","4":"has-post-thumbnail","6":"product_cat-hair-care","7":"product_cat-hair-conditioner","8":"product_tag-dau-xa-en","9":"product_tag-dau-xa-moroccanoil-en","10":"product_tag-dau-xa-moroccanoil-smoothing-conditioner-en","11":"product_tag-dau-xa-suon-muot-moroccanoil-en","12":"product_tag-dau-xa-suon-muot-moroccanoil-smoothing-conditioner-en","13":"product_tag-moroccanoil-en","14":"product_tag-smoothing-conditioner-en","16":"first","17":"onbackorder","18":"sale","19":"shipping-taxable","20":"purchasable","21":"product-type-simple"},"_links":{"self":[{"href":"https:\/\/thcare.vn\/en\/wp-json\/wp\/v2\/product\/20526","targetHints":{"allow":["GET"]}}],"collection":[{"href":"https:\/\/thcare.vn\/en\/wp-json\/wp\/v2\/product"}],"about":[{"href":"https:\/\/thcare.vn\/en\/wp-json\/wp\/v2\/types\/product"}],"replies":[{"embeddable":true,"href":"https:\/\/thcare.vn\/en\/wp-json\/wp\/v2\/comments?post=20526"}],"wp:featuredmedia":[{"embeddable":true,"href":"https:\/\/thcare.vn\/en\/wp-json\/wp\/v2\/media\/20487"}],"wp:attachment":[{"href":"https:\/\/thcare.vn\/en\/wp-json\/wp\/v2\/media?parent=20526"}],"wp:term":[{"taxonomy":"product_brand","embeddable":true,"href":"https:\/\/thcare.vn\/en\/wp-json\/wp\/v2\/product_brand?post=20526"},{"taxonomy":"product_cat","embeddable":true,"href":"https:\/\/thcare.vn\/en\/wp-json\/wp\/v2\/product_cat?post=20526"},{"taxonomy":"product_tag","embeddable":true,"href":"https:\/\/thcare.vn\/en\/wp-json\/wp\/v2\/product_tag?post=20526"}],"curies":[{"name":"wp","href":"https:\/\/api.w.org\/{rel}","templated":true}]}}