{"id":20747,"date":"2021-10-29T14:50:10","date_gmt":"2021-10-29T07:50:10","guid":{"rendered":"https:\/\/thcare.vn\/san-pham\/dau-goi-head-and-shoulders-clinical-advanced-oil-control\/"},"modified":"2021-10-29T14:56:49","modified_gmt":"2021-10-29T07:56:49","slug":"dau-goi-head-and-shoulders-clinical-advanced-oil-control","status":"publish","type":"product","link":"https:\/\/thcare.vn\/en\/san-pham\/dau-goi-head-and-shoulders-clinical-advanced-oil-control\/","title":{"rendered":"Head and Shoulders Clinical &#8211; Advanced Oil Control Shampoo"},"content":{"rendered":"<p><strong>Head and Shoulders Clinical &#8211; Advanced Oil Control Shampoo brought to you by America&#8217;s #1 dermatologist-recommended brand. Our formula provides prescription strength Flake protection (vs prescription dandruff shampoo 2% ketoconazole) and removes oil and Flakes to relieve dandruff symptoms. Clinically proven to protect against Flakes and dandruff, our 2 in 1 shampoo + conditioner is a great remedy for an oily scalp. Clinical Strength Dandruff Defense Advanced Oil Control is infused with refreshing citrus. Soothe your scalp and hair for a healthy, vibrant look you&#8217;ll love.<\/strong><\/p>\n<h2><strong>Benefits of\u00a0<\/strong><strong>Head and Shoulders Clinical &#8211; Advanced Oil Control<\/strong><\/h2>\n<ul>\n<li>ADVANCED OIL CONTROL: 35% more dandruff fighting power* *fights Malassezia after 1 wash vs ordinary anti-dandruff shampoos<\/li>\n<li>PRESCRIPTION STRENGH*: Made with 1% Selenium Sulfide for prescription strength* dandruff relief and Flaking protection *flake protection vs prescription dandruff shampoo 2% ketoconazole<\/li>\n<li>CLINICALLY PROVEN: Up to 100% dandruff protection* *visible Flakes; with regular use.<\/li>\n<li>CONVENIENT 2-IN-1 FORMULA: Cleans and conditions hair while removing oil and Flakes<\/li>\n<li>MULTI-SYMPTOM RELIEF: Removes oil and Flakes to relieve dandruff symptoms while cleaning and moisturizing hair* *with regular use<\/li>\n<li>We are excited to share that our Clinical Strength collection has expanded from one shampoo to three to provide you with more benefits: Oil Control, <span style=\"color: #0000ff;\"><a style=\"color: #0000ff;\" href=\"https:\/\/thcare.vn\/san-pham\/dau-goi-dau-head-shoulders-clinical-strength-dandruff-dry-scalp-rescue\/\">Dry Scalp<\/a><\/span> Rescue and Intensive Itch Relief<\/li>\n<\/ul>\n<figure id=\"attachment_20733\" aria-describedby=\"caption-attachment-20733\" style=\"width: 800px\" class=\"wp-caption aligncenter\"><img loading=\"lazy\" decoding=\"async\" class=\"size-large wp-image-20734\" src=\"https:\/\/thcare.vn\/wp-content\/uploads\/2021\/10\/Dau-goi-Head-and-Shoulders-Clinical-Advanced-Oil-Control-ngua-dau-800x800.jpg\" alt=\"D\u1ea7u G\u1ed9i Head And Shoulders Clinical Advanced Oil Control Ng\u1eeba D\u1ea7u\" width=\"800\" height=\"800\" srcset=\"https:\/\/thcare.vn\/wp-content\/uploads\/2021\/10\/Dau-goi-Head-and-Shoulders-Clinical-Advanced-Oil-Control-ngua-dau-800x800.jpg 800w, https:\/\/thcare.vn\/wp-content\/uploads\/2021\/10\/Dau-goi-Head-and-Shoulders-Clinical-Advanced-Oil-Control-ngua-dau-400x400.jpg 400w, https:\/\/thcare.vn\/wp-content\/uploads\/2021\/10\/Dau-goi-Head-and-Shoulders-Clinical-Advanced-Oil-Control-ngua-dau-280x280.jpg 280w, https:\/\/thcare.vn\/wp-content\/uploads\/2021\/10\/Dau-goi-Head-and-Shoulders-Clinical-Advanced-Oil-Control-ngua-dau-768x768.jpg 768w, https:\/\/thcare.vn\/wp-content\/uploads\/2021\/10\/Dau-goi-Head-and-Shoulders-Clinical-Advanced-Oil-Control-ngua-dau-300x300.jpg 300w, https:\/\/thcare.vn\/wp-content\/uploads\/2021\/10\/Dau-goi-Head-and-Shoulders-Clinical-Advanced-Oil-Control-ngua-dau-510x510.jpg 510w, https:\/\/thcare.vn\/wp-content\/uploads\/2021\/10\/Dau-goi-Head-and-Shoulders-Clinical-Advanced-Oil-Control-ngua-dau-100x100.jpg 100w, https:\/\/thcare.vn\/wp-content\/uploads\/2021\/10\/Dau-goi-Head-and-Shoulders-Clinical-Advanced-Oil-Control-ngua-dau.jpg 1000w\" sizes=\"auto, (max-width: 800px) 100vw, 800px\" \/><figcaption id=\"caption-attachment-20733\" class=\"wp-caption-text\">D\u1ea7u G\u1ed9i Head And Shoulders Clinical Advanced Oil Control Ng\u1eeba D\u1ea7u<\/figcaption><\/figure>\n<h2><strong>H\u01b0\u1edbng d\u1eabn s\u1eed d\u1ee5ng d\u1ea7u g\u1ed9i \u0111\u1ea7u Head &amp; Shoulders Clinical Strength Dandruff Dry Scalp Rescue<\/strong><\/h2>\n<ol>\n<li>L\u00e0m \u01b0\u1edbt t\u00f3c, cho m\u1ed9t l\u01b0\u1ee3ng d\u1ea7u g\u1ed9i v\u1eeda \u0111\u1ee7.<\/li>\n<li>D\u00f9ng \u0111\u1ea7u ng\u00f3n tay xoa kh\u1eafp h\u1ebft da d\u1ea7u \u0111\u1eb7c bi\u1ec7t nh\u1eefng v\u00f9ng da c\u00f3 n\u1ea5m t\u00f3c trong 5 \u2013 10 ph\u00fat \u0111\u1ec3 thu\u1ed1c ng\u1ea5m v\u00e0o t\u00f3c v\u00e0 ph\u00e1t huy t\u00e1c d\u1ee5ng t\u1ed1t nh\u1ea5t.<\/li>\n<li>X\u1ea3 l\u1ea1i b\u1eb1ng d\u1ea7u x\u1ea3 v\u00e0 n\u01b0\u1edbc s\u1ea1ch.<\/li>\n<\/ol>\n","protected":false},"excerpt":{"rendered":"<ul>\n<li>Ng\u1eeba g\u00e0u hi\u1ec7u qu\u1ea3 h\u01a1n 35% so v\u1edbi c\u00e1c lo\u1ea1i d\u1ea7u th\u00f4ng th\u01b0\u1eddng ch\u1ec9 sau 1 l\u1ea7n g\u1ed9i.<\/li>\n<li>Th\u00e0nh ph\u1ea7n Selenium Sulfide hi\u1ec7u qu\u1ea3 cho c\u00e1c tr\u01b0\u1eddng h\u1ee3p da \u0111\u1ea7u b\u1ecb g\u00e0u n\u1eb7ng v\u00e0 vi\u00eam da ti\u1ebft b\u00e3.<\/li>\n<li>Chi\u1ebft xu\u1ea5t cam, chanh l\u1ea5y \u0111i l\u01b0\u1ee3ng d\u1ea7u d\u01b0 th\u1eeba b\u00e1m l\u1ea1i tr\u00ean t\u00f3c, h\u1ea1n ch\u1ebf vi\u1ec7c t\u00edch t\u1ee5 d\u1ea7u g\u00e2y r\u00edt da \u0111\u1ea7u, kh\u00f3 ch\u1ecbu.<\/li>\n<li>C\u00f3 2 lo\u1ea1i d\u1ea7u g\u1ed9i v\u00e0 d\u1ea7u g\u1ed9i ki\u00eam d\u1ea7u x\u1ea3.<\/li>\n<\/ul>\n","protected":false},"featured_media":20730,"comment_status":"open","ping_status":"closed","template":"","meta":[],"product_brand":[],"product_cat":[1753],"product_tag":[1962,1963,1891,1964,1965,1966],"class_list":{"0":"post-20747","1":"product","2":"type-product","3":"status-publish","4":"has-post-thumbnail","6":"product_cat-shampoo","7":"product_tag-advanced-oil-control-en","8":"product_tag-dau-goi-en","9":"product_tag-dau-xa-en","10":"product_tag-head-shoulders-en","11":"product_tag-head-and-shoulders-clinical-en","12":"product_tag-toc-dau-en","13":"pa_phan-loai-dau-goi-2-in-1-shampoo","14":"pa_phan-loai-dau-goi-shampoo","15":"pa_thuong-hieu-head-shoulders","17":"first","18":"onbackorder","19":"sale","20":"shipping-taxable","21":"purchasable","22":"product-type-variable"},"_links":{"self":[{"href":"https:\/\/thcare.vn\/en\/wp-json\/wp\/v2\/product\/20747","targetHints":{"allow":["GET"]}}],"collection":[{"href":"https:\/\/thcare.vn\/en\/wp-json\/wp\/v2\/product"}],"about":[{"href":"https:\/\/thcare.vn\/en\/wp-json\/wp\/v2\/types\/product"}],"replies":[{"embeddable":true,"href":"https:\/\/thcare.vn\/en\/wp-json\/wp\/v2\/comments?post=20747"}],"wp:featuredmedia":[{"embeddable":true,"href":"https:\/\/thcare.vn\/en\/wp-json\/wp\/v2\/media\/20730"}],"wp:attachment":[{"href":"https:\/\/thcare.vn\/en\/wp-json\/wp\/v2\/media?parent=20747"}],"wp:term":[{"taxonomy":"product_brand","embeddable":true,"href":"https:\/\/thcare.vn\/en\/wp-json\/wp\/v2\/product_brand?post=20747"},{"taxonomy":"product_cat","embeddable":true,"href":"https:\/\/thcare.vn\/en\/wp-json\/wp\/v2\/product_cat?post=20747"},{"taxonomy":"product_tag","embeddable":true,"href":"https:\/\/thcare.vn\/en\/wp-json\/wp\/v2\/product_tag?post=20747"}],"curies":[{"name":"wp","href":"https:\/\/api.w.org\/{rel}","templated":true}]}}