{"id":20759,"date":"2021-10-29T15:28:12","date_gmt":"2021-10-29T08:28:15","guid":{"rendered":"https:\/\/thcare.vn\/?post_type=product&#038;p=20759"},"modified":"2021-10-29T15:43:34","modified_gmt":"2021-10-29T08:43:34","slug":"head-and-shoulders-clinical-intensive-itch-relief-shampoo","status":"publish","type":"product","link":"https:\/\/thcare.vn\/en\/san-pham\/head-and-shoulders-clinical-intensive-itch-relief-shampoo\/","title":{"rendered":"Head and Shoulders Clinical &#8211; Intensive Itch Relief Shampoo"},"content":{"rendered":"<p><strong>Head and Shoulders Clinical &#8211; Intensive Itch Relief Shampoo brought to you by America&#8217;s #1 dermatologist-recommended brand. Our formula provides prescription strength flake protection (vs prescription dandruff Shampoo 2% Ketoconazole) and provides soothing relief from itch associated with dandruff. Clinically proven to protect against flakes and dandruff, our shampoo is a great remedy for an itchy scalp. Clinical Strength dandruff defense + intensive itch Relief shampoo is infused with intense cooling menthol. Soothe your scalp and hair for a healthy, vibrant look You&#8217;ll love. We are excited to share that our Clinical Strength collection has expanded from one shampoo to three to provide you with more benefits: Oil Control, Dry Scalp Rescue and Intensive Itch Relief.<\/strong><\/p>\n<p><img loading=\"lazy\" decoding=\"async\" class=\"aligncenter size-full wp-image-20755\" src=\"https:\/\/thcare.vn\/wp-content\/uploads\/2021\/10\/Tuy-chon-dau-goi-tri-gau-Head-and-Shoulders-1.jpg\" alt=\"\" width=\"970\" height=\"600\" srcset=\"https:\/\/thcare.vn\/wp-content\/uploads\/2021\/10\/Tuy-chon-dau-goi-tri-gau-Head-and-Shoulders-1.jpg 970w, https:\/\/thcare.vn\/wp-content\/uploads\/2021\/10\/Tuy-chon-dau-goi-tri-gau-Head-and-Shoulders-1-647x400.jpg 647w, https:\/\/thcare.vn\/wp-content\/uploads\/2021\/10\/Tuy-chon-dau-goi-tri-gau-Head-and-Shoulders-1-768x475.jpg 768w, https:\/\/thcare.vn\/wp-content\/uploads\/2021\/10\/Tuy-chon-dau-goi-tri-gau-Head-and-Shoulders-1-300x186.jpg 300w, https:\/\/thcare.vn\/wp-content\/uploads\/2021\/10\/Tuy-chon-dau-goi-tri-gau-Head-and-Shoulders-1-510x315.jpg 510w\" sizes=\"auto, (max-width: 970px) 100vw, 970px\" \/><\/p>\n<h2><strong>Benefits of\u00a0<\/strong><strong>Head and Shoulders Clinical &#8211; Advanced Oil Control<\/strong><\/h2>\n<ul>\n<li>INTENSIVE ITCH RELIEF: 35% more dandruff fighting power* *fights Malassezia after 1 wash vs ordinary anti-dandruff shampoos<\/li>\n<li>PRESCRIPTION STRENGH*: Made with 1% Selenium Sulfide for prescription strength* dandruff relief and flaking protection *flake protection vs prescription dandruff shampoo 2% ketoconazole<\/li>\n<li>CLINICALLY PROVEN: Up to 100% dandruff protection* *visible flakes; with regular use<\/li>\n<li>EXTRA STRENGTH: Provides relief from severe dandruff and seborrheic dermatitis<\/li>\n<li>MULTI-SYMPTOM RELIEF: Offers proven protection from flakes and itch* *Flakes and itch associated with dandruff<\/li>\n<li>We are excited to share that our Clinical Strength collection has expanded from one shampoo to three to provide you with more benefits: <a href=\"https:\/\/thcare.vn\/san-pham\/dau-goi-head-and-shoulders-clinical-advanced-oil-control\/\">Oil Control<\/a>, <a href=\"https:\/\/thcare.vn\/san-pham\/dau-goi-dau-head-shoulders-clinical-strength-dandruff-dry-scalp-rescue\/\">Dry Scalp<\/a> Rescue and Intensive Itch Relief<\/li>\n<\/ul>\n<p><img loading=\"lazy\" decoding=\"async\" class=\"aligncenter size-large wp-image-20773\" src=\"https:\/\/thcare.vn\/wp-content\/uploads\/2021\/10\/Dau-goi-tri-gau-chong-ngua-Head-Shoulders-Clinical-Strength-Intense-Itch-Relief-800x800.jpg\" alt=\"\" width=\"800\" height=\"800\" srcset=\"https:\/\/thcare.vn\/wp-content\/uploads\/2021\/10\/Dau-goi-tri-gau-chong-ngua-Head-Shoulders-Clinical-Strength-Intense-Itch-Relief-800x800.jpg 800w, https:\/\/thcare.vn\/wp-content\/uploads\/2021\/10\/Dau-goi-tri-gau-chong-ngua-Head-Shoulders-Clinical-Strength-Intense-Itch-Relief-400x400.jpg 400w, https:\/\/thcare.vn\/wp-content\/uploads\/2021\/10\/Dau-goi-tri-gau-chong-ngua-Head-Shoulders-Clinical-Strength-Intense-Itch-Relief-280x280.jpg 280w, https:\/\/thcare.vn\/wp-content\/uploads\/2021\/10\/Dau-goi-tri-gau-chong-ngua-Head-Shoulders-Clinical-Strength-Intense-Itch-Relief-768x768.jpg 768w, https:\/\/thcare.vn\/wp-content\/uploads\/2021\/10\/Dau-goi-tri-gau-chong-ngua-Head-Shoulders-Clinical-Strength-Intense-Itch-Relief-300x300.jpg 300w, https:\/\/thcare.vn\/wp-content\/uploads\/2021\/10\/Dau-goi-tri-gau-chong-ngua-Head-Shoulders-Clinical-Strength-Intense-Itch-Relief-510x510.jpg 510w, https:\/\/thcare.vn\/wp-content\/uploads\/2021\/10\/Dau-goi-tri-gau-chong-ngua-Head-Shoulders-Clinical-Strength-Intense-Itch-Relief-100x100.jpg 100w, https:\/\/thcare.vn\/wp-content\/uploads\/2021\/10\/Dau-goi-tri-gau-chong-ngua-Head-Shoulders-Clinical-Strength-Intense-Itch-Relief.jpg 1000w\" sizes=\"auto, (max-width: 800px) 100vw, 800px\" \/><\/p>\n<h2><strong>H\u01b0\u1edbng d\u1eabn s\u1eed d\u1ee5ng d\u1ea7u g\u1ed9i \u0111\u1ea7u Head &amp; Shoulders Clinical Strength Dandruff Dry Scalp Rescue<\/strong><\/h2>\n<ol>\n<li>L\u00e0m \u01b0\u1edbt t\u00f3c, cho m\u1ed9t l\u01b0\u1ee3ng d\u1ea7u g\u1ed9i v\u1eeda \u0111\u1ee7.<\/li>\n<li>D\u00f9ng \u0111\u1ea7u ng\u00f3n tay xoa kh\u1eafp h\u1ebft da d\u1ea7u \u0111\u1eb7c bi\u1ec7t nh\u1eefng v\u00f9ng da c\u00f3 n\u1ea5m t\u00f3c trong 5 \u2013 10 ph\u00fat \u0111\u1ec3 thu\u1ed1c ng\u1ea5m v\u00e0o t\u00f3c v\u00e0 ph\u00e1t huy t\u00e1c d\u1ee5ng t\u1ed1t nh\u1ea5t.<\/li>\n<li>X\u1ea3 l\u1ea1i b\u1eb1ng d\u1ea7u x\u1ea3 v\u00e0 n\u01b0\u1edbc s\u1ea1ch.<\/li>\n<\/ol>\n","protected":false},"excerpt":{"rendered":"<p>Head and Shoulders Clinical &#8211; Intensive Itch Relief Shampoo brought to you by America&#8217;s #1 dermatologist-recommended brand. Our formula provides prescription strength flake protection (vs prescription dandruff Shampoo 2% Ketoconazole) and provides soothing relief from itch associated with dandruff. Clinically proven to protect against flakes and dandruff, our shampoo is a great remedy for an&#8230;<\/p>\n","protected":false},"featured_media":20767,"comment_status":"open","ping_status":"closed","template":"","meta":[],"product_brand":[],"product_cat":[1753],"product_tag":[1962,1963,1891,1964,1965,1966],"class_list":{"0":"post-20759","1":"product","2":"type-product","3":"status-publish","4":"has-post-thumbnail","6":"product_cat-shampoo","7":"product_tag-advanced-oil-control-en","8":"product_tag-dau-goi-en","9":"product_tag-dau-xa-en","10":"product_tag-head-shoulders-en","11":"product_tag-head-and-shoulders-clinical-en","12":"product_tag-toc-dau-en","13":"pa_phan-loai-dau-goi-2-in-1-shampoo","14":"pa_phan-loai-dau-goi-shampoo","15":"pa_thuong-hieu-head-shoulders","17":"first","18":"onbackorder","19":"sale","20":"shipping-taxable","21":"purchasable","22":"product-type-variable"},"_links":{"self":[{"href":"https:\/\/thcare.vn\/en\/wp-json\/wp\/v2\/product\/20759","targetHints":{"allow":["GET"]}}],"collection":[{"href":"https:\/\/thcare.vn\/en\/wp-json\/wp\/v2\/product"}],"about":[{"href":"https:\/\/thcare.vn\/en\/wp-json\/wp\/v2\/types\/product"}],"replies":[{"embeddable":true,"href":"https:\/\/thcare.vn\/en\/wp-json\/wp\/v2\/comments?post=20759"}],"wp:featuredmedia":[{"embeddable":true,"href":"https:\/\/thcare.vn\/en\/wp-json\/wp\/v2\/media\/20767"}],"wp:attachment":[{"href":"https:\/\/thcare.vn\/en\/wp-json\/wp\/v2\/media?parent=20759"}],"wp:term":[{"taxonomy":"product_brand","embeddable":true,"href":"https:\/\/thcare.vn\/en\/wp-json\/wp\/v2\/product_brand?post=20759"},{"taxonomy":"product_cat","embeddable":true,"href":"https:\/\/thcare.vn\/en\/wp-json\/wp\/v2\/product_cat?post=20759"},{"taxonomy":"product_tag","embeddable":true,"href":"https:\/\/thcare.vn\/en\/wp-json\/wp\/v2\/product_tag?post=20759"}],"curies":[{"name":"wp","href":"https:\/\/api.w.org\/{rel}","templated":true}]}}